{"id":10,"date":"2015-01-08T21:51:49","date_gmt":"2015-01-08T19:51:49","guid":{"rendered":"http:\/\/dicemarketing.co.il\/menuhat\/?page_id=10"},"modified":"2017-10-10T19:53:42","modified_gmt":"2017-10-10T16:53:42","slug":"%d7%a9%d7%99%d7%a8%d7%95%d7%aa%d7%99%d7%9d","status":"publish","type":"page","link":"https:\/\/menuhat-olam.org\/fr\/%d7%a9%d7%99%d7%a8%d7%95%d7%aa%d7%99%d7%9d\/","title":{"rendered":"Services"},"content":{"rendered":"<p><\/p>\n<p style=\"text-align: left;\">L\u2019organisation d\u2019une c\u00e9r\u00e9monie d\u2019enterrement est faite naturellement dans un contexte de contraintes temporelles. A ceci s\u2019ajoutent des multiples autres questions que lesquelles la famille du disparu est confront\u00e9e, souvent pour la premi\u00e8re fois. Afin de faciliter le processus, voici quelques sujets \u00e0 prendre en compte<\/p>\n<p style=\"text-align: left;\">Le choix du cimeti\u00e8re &#8211; Un cimeti\u00e8re civile, traditionnel ou orthodoxe selon le souhait de la famille<\/p>\n<p style=\"text-align: left;\">Obtention d\u2019un permis d\u2019enterrement et du photocopie de la carte d\u2019identit\u00e9 du dispaeu &#8211; Ceci est obtenu \u00e0 l\u2019h\u00f4pital ou, dans le cas d\u2019un d\u00e9c\u00e8s \u00e0 domicile, aupr\u00e8s le bureau r\u00e9gional de la sant\u00e9<\/p>\n<p style=\"text-align: left;\">\u00a0Prise de contact avec le cimeti\u00e8re &#8211; En parall\u00e8le il faudrait choisir le moment de l\u2019enterrement, l\u2019emplacement dans le cimeti\u00e8re (normal ou en pelouse) et les caract\u00e9ristique de la c\u00e9r\u00e9monie et de l\u2019enterrement. C\u2019est en ce moment qui est propos\u00e9 aux familles de r\u00e9server un emplacement pour le conjoint de la personne d\u00e9ced\u00e9e.<\/p>\n<p style=\"text-align: left;\">Le parcours de l\u2019enterrement &#8211; Il faut choisir le parcours entre l\u2019h\u00f4pital et le cimeti\u00e8re. Le parcours habituel pourrait en effet, \u00eatre modifi\u00e9 pour passer et\/ou marquer un arr\u00eat \u00e0 proximit\u00e9 du domicile ou autre lieu d\u2019une grande importance au disparu et \u00e0 sa famille. Au contraire d\u2019un parcours normal, frais couvert par la s\u00e9curit\u00e9 sociale, un parcours plus long n\u00e9cessite un paiement d\u2019un suppl\u00e9ment \u00e0 la compagnie d\u2019ambulances. Le tarif est cependant impos\u00e9 par la s\u00e9curit\u00e9 social (plus de d\u00e9tails sont disponible dans le lien ou aupr\u00e8s de Menuhat Olam.<\/p>\n<p style=\"text-align: left;\">Cercueil &#8211; En fonction de souhait de la famille, nous proposons gratuitement un cercueil basic. En accord avec Menuhat Olam, il est possible de changer ceci \u00e0 un cercueil d\u2019une qualit\u00e9 sup\u00e9rieur.<\/p>\n<p style=\"text-align: left;\">Annonce de disparition &#8211; Impression et diffusion habituelles. Nous recommandons d\u2019utiliser une imprimante domestique. Vous trouverez un mod\u00e8le d\u2019annonce ici.<\/p>\n<p style=\"text-align: left;\">Le temps de c\u00e9r\u00e9monie &#8211; le moment appropri\u00e9 pour l\u2019organisation du c\u00e9r\u00e9monie fun\u00e8bre est d\u00e9cid\u00e9 avec le soutien et l\u2019aide de Menuhat Olam<\/p>\n<p style=\"text-align: left;\">D\u2019habitude cela est fait apr\u00e8s les obs\u00e8ques : il faudra d\u2019abord demander un permis pour la pose d\u2019une pierre tombale. Nous conseillons de contacter pour cela une des entreprises agr\u00e9\u00e9s par l\u2019administration du cimeti\u00e8re.<\/p>\n<p><\/p>\n<p><\/p>","protected":false},"excerpt":{"rendered":"<p>L\u2019organisation d\u2019une c\u00e9r\u00e9monie d\u2019enterrement est faite naturellement dans un contexte de contraintes temporelles. A ceci s\u2019ajoutent des multiples autres questions que lesquelles la famille du disparu est confront\u00e9e, souvent pour la premi\u00e8re fois. Afin de faciliter le processus, voici quelques sujets \u00e0 prendre en compte Le choix du cimeti\u00e8re &#8211; Un cimeti\u00e8re civile, traditionnel ou &hellip; <a href=\"https:\/\/menuhat-olam.org\/fr\/%d7%a9%d7%99%d7%a8%d7%95%d7%aa%d7%99%d7%9d\/\" class=\"more-link\">Continuer la lecture de <span class=\"screen-reader-text\">Services<\/span> <span class=\"meta-nav\">&rarr;<\/span><\/a><\/p>\n","protected":false},"author":1,"featured_media":74,"parent":0,"menu_order":0,"comment_status":"open","ping_status":"open","template":"","meta":{"footnotes":""},"yoast_head":"<!-- This site is optimized with the Yoast SEO plugin v23.5 - https:\/\/yoast.com\/wordpress\/plugins\/seo\/ -->\n<title>Services - \u05de\u05e0\u05d5\u05d7\u05ea \u05e2\u05d5\u05dc\u05dd<\/title>\n<meta name=\"robots\" content=\"index, follow, max-snippet:-1, max-image-preview:large, max-video-preview:-1\" \/>\n<link rel=\"canonical\" href=\"https:\/\/menuhat-olam.org\/fr\/\u05e9\u05d9\u05e8\u05d5\u05ea\u05d9\u05dd\/\" \/>\n<meta property=\"og:locale\" content=\"fr_FR\" \/>\n<meta property=\"og:type\" content=\"article\" \/>\n<meta property=\"og:title\" content=\"Services - \u05de\u05e0\u05d5\u05d7\u05ea \u05e2\u05d5\u05dc\u05dd\" \/>\n<meta property=\"og:description\" content=\"L\u2019organisation d\u2019une c\u00e9r\u00e9monie d\u2019enterrement est faite naturellement dans un contexte de contraintes temporelles. A ceci s\u2019ajoutent des multiples autres questions que lesquelles la famille du disparu est confront\u00e9e, souvent pour la premi\u00e8re fois. Afin de faciliter le processus, voici quelques sujets \u00e0 prendre en compte Le choix du cimeti\u00e8re &#8211; Un cimeti\u00e8re civile, traditionnel ou &hellip; Continuer la lecture de Services &rarr;\" \/>\n<meta property=\"og:url\" content=\"https:\/\/menuhat-olam.org\/fr\/\u05e9\u05d9\u05e8\u05d5\u05ea\u05d9\u05dd\/\" \/>\n<meta property=\"og:site_name\" content=\"\u05de\u05e0\u05d5\u05d7\u05ea \u05e2\u05d5\u05dc\u05dd\" \/>\n<meta property=\"article:modified_time\" content=\"2017-10-10T16:53:42+00:00\" \/>\n<meta property=\"og:image\" content=\"https:\/\/menuhat-olam.org\/wp-content\/uploads\/2015\/01\/shutterstock_45664552-1024x682.jpg\" \/>\n\t<meta property=\"og:image:width\" content=\"1024\" \/>\n\t<meta property=\"og:image:height\" content=\"682\" \/>\n\t<meta property=\"og:image:type\" content=\"image\/jpeg\" \/>\n<meta name=\"twitter:card\" content=\"summary_large_image\" \/>\n<meta name=\"twitter:label1\" content=\"Dur\u00e9e de lecture estim\u00e9e\" \/>\n\t<meta name=\"twitter:data1\" content=\"4 minutes\" \/>\n<script type=\"application\/ld+json\" class=\"yoast-schema-graph\">{\"@context\":\"https:\/\/schema.org\",\"@graph\":[{\"@type\":\"WebPage\",\"@id\":\"https:\/\/menuhat-olam.org\/fr\/%d7%a9%d7%99%d7%a8%d7%95%d7%aa%d7%99%d7%9d\/\",\"url\":\"https:\/\/menuhat-olam.org\/fr\/%d7%a9%d7%99%d7%a8%d7%95%d7%aa%d7%99%d7%9d\/\",\"name\":\"Services - \u05de\u05e0\u05d5\u05d7\u05ea \u05e2\u05d5\u05dc\u05dd\",\"isPartOf\":{\"@id\":\"https:\/\/menuhat-olam.org\/fr\/#website\"},\"primaryImageOfPage\":{\"@id\":\"https:\/\/menuhat-olam.org\/fr\/%d7%a9%d7%99%d7%a8%d7%95%d7%aa%d7%99%d7%9d\/#primaryimage\"},\"image\":{\"@id\":\"https:\/\/menuhat-olam.org\/%d7%a9%d7%99%d7%a8%d7%95%d7%aa%d7%99%d7%9d\/#primaryimage\"},\"thumbnailUrl\":\"https:\/\/menuhat-olam.org\/wp-content\/uploads\/2015\/01\/shutterstock_45664552.jpg\",\"datePublished\":\"2015-01-08T19:51:49+00:00\",\"dateModified\":\"2017-10-10T16:53:42+00:00\",\"breadcrumb\":{\"@id\":\"https:\/\/menuhat-olam.org\/fr\/%d7%a9%d7%99%d7%a8%d7%95%d7%aa%d7%99%d7%9d\/#breadcrumb\"},\"inLanguage\":\"fr-FR\",\"potentialAction\":[{\"@type\":\"ReadAction\",\"target\":[[\"https:\/\/menuhat-olam.org\/fr\/%d7%a9%d7%99%d7%a8%d7%95%d7%aa%d7%99%d7%9d\/\"]]}]},{\"@type\":\"ImageObject\",\"inLanguage\":\"fr-FR\",\"@id\":\"https:\/\/menuhat-olam.org\/fr\/%d7%a9%d7%99%d7%a8%d7%95%d7%aa%d7%99%d7%9d\/#primaryimage\",\"url\":\"https:\/\/menuhat-olam.org\/wp-content\/uploads\/2015\/01\/shutterstock_45664552.jpg\",\"contentUrl\":\"https:\/\/menuhat-olam.org\/wp-content\/uploads\/2015\/01\/shutterstock_45664552.jpg\",\"width\":4200,\"height\":2800},{\"@type\":\"BreadcrumbList\",\"@id\":\"https:\/\/menuhat-olam.org\/fr\/%d7%a9%d7%99%d7%a8%d7%95%d7%aa%d7%99%d7%9d\/#breadcrumb\",\"itemListElement\":[{\"@type\":\"ListItem\",\"position\":1,\"name\":\"Home\",\"item\":\"https:\/\/menuhat-olam.org\/fr\/\"},{\"@type\":\"ListItem\",\"position\":2,\"name\":\"Services\"}]},{\"@type\":\"WebSite\",\"@id\":\"https:\/\/menuhat-olam.org\/fr\/#website\",\"url\":\"https:\/\/menuhat-olam.org\/fr\/\",\"name\":\"\u05de\u05e0\u05d5\u05d7\u05ea \u05e2\u05d5\u05dc\u05dd\",\"description\":\"\u05d1\u05d9\u05ea \u05d4\u05e2\u05dc\u05de\u05d9\u05df \u05d4\u05d0\u05dc\u05d8\u05e8\u05e0\u05d8\u05d9\u05d1\u05d9 \u05d1\u05e0\u05ea\u05e0\u05d9\u05d4\",\"potentialAction\":[{\"@type\":\"SearchAction\",\"target\":{\"@type\":\"EntryPoint\",\"urlTemplate\":\"https:\/\/menuhat-olam.org\/fr\/?s={search_term_string}\"},\"query-input\":{\"@type\":\"PropertyValueSpecification\",\"valueRequired\":true,\"valueName\":\"search_term_string\"}}],\"inLanguage\":\"fr-FR\"}]}<\/script>\n<!-- \/ Yoast SEO plugin. -->","yoast_head_json":{"title":"Services - \u05de\u05e0\u05d5\u05d7\u05ea \u05e2\u05d5\u05dc\u05dd","robots":{"index":"index","follow":"follow","max-snippet":"max-snippet:-1","max-image-preview":"max-image-preview:large","max-video-preview":"max-video-preview:-1"},"canonical":"https:\/\/menuhat-olam.org\/fr\/\u05e9\u05d9\u05e8\u05d5\u05ea\u05d9\u05dd\/","og_locale":"fr_FR","og_type":"article","og_title":"Services - \u05de\u05e0\u05d5\u05d7\u05ea \u05e2\u05d5\u05dc\u05dd","og_description":"L\u2019organisation d\u2019une c\u00e9r\u00e9monie d\u2019enterrement est faite naturellement dans un contexte de contraintes temporelles. A ceci s\u2019ajoutent des multiples autres questions que lesquelles la famille du disparu est confront\u00e9e, souvent pour la premi\u00e8re fois. Afin de faciliter le processus, voici quelques sujets \u00e0 prendre en compte Le choix du cimeti\u00e8re &#8211; Un cimeti\u00e8re civile, traditionnel ou &hellip; Continuer la lecture de Services &rarr;","og_url":"https:\/\/menuhat-olam.org\/fr\/\u05e9\u05d9\u05e8\u05d5\u05ea\u05d9\u05dd\/","og_site_name":"\u05de\u05e0\u05d5\u05d7\u05ea \u05e2\u05d5\u05dc\u05dd","article_modified_time":"2017-10-10T16:53:42+00:00","og_image":[{"width":1024,"height":682,"url":"https:\/\/menuhat-olam.org\/wp-content\/uploads\/2015\/01\/shutterstock_45664552-1024x682.jpg","type":"image\/jpeg"}],"twitter_card":"summary_large_image","twitter_misc":{"Dur\u00e9e de lecture estim\u00e9e":"4 minutes"},"schema":{"@context":"https:\/\/schema.org","@graph":[{"@type":"WebPage","@id":"https:\/\/menuhat-olam.org\/fr\/%d7%a9%d7%99%d7%a8%d7%95%d7%aa%d7%99%d7%9d\/","url":"https:\/\/menuhat-olam.org\/fr\/%d7%a9%d7%99%d7%a8%d7%95%d7%aa%d7%99%d7%9d\/","name":"Services - \u05de\u05e0\u05d5\u05d7\u05ea \u05e2\u05d5\u05dc\u05dd","isPartOf":{"@id":"https:\/\/menuhat-olam.org\/fr\/#website"},"primaryImageOfPage":{"@id":"https:\/\/menuhat-olam.org\/fr\/%d7%a9%d7%99%d7%a8%d7%95%d7%aa%d7%99%d7%9d\/#primaryimage"},"image":{"@id":"https:\/\/menuhat-olam.org\/%d7%a9%d7%99%d7%a8%d7%95%d7%aa%d7%99%d7%9d\/#primaryimage"},"thumbnailUrl":"https:\/\/menuhat-olam.org\/wp-content\/uploads\/2015\/01\/shutterstock_45664552.jpg","datePublished":"2015-01-08T19:51:49+00:00","dateModified":"2017-10-10T16:53:42+00:00","breadcrumb":{"@id":"https:\/\/menuhat-olam.org\/fr\/%d7%a9%d7%99%d7%a8%d7%95%d7%aa%d7%99%d7%9d\/#breadcrumb"},"inLanguage":"fr-FR","potentialAction":[{"@type":"ReadAction","target":[["https:\/\/menuhat-olam.org\/fr\/%d7%a9%d7%99%d7%a8%d7%95%d7%aa%d7%99%d7%9d\/"]]}]},{"@type":"ImageObject","inLanguage":"fr-FR","@id":"https:\/\/menuhat-olam.org\/fr\/%d7%a9%d7%99%d7%a8%d7%95%d7%aa%d7%99%d7%9d\/#primaryimage","url":"https:\/\/menuhat-olam.org\/wp-content\/uploads\/2015\/01\/shutterstock_45664552.jpg","contentUrl":"https:\/\/menuhat-olam.org\/wp-content\/uploads\/2015\/01\/shutterstock_45664552.jpg","width":4200,"height":2800},{"@type":"BreadcrumbList","@id":"https:\/\/menuhat-olam.org\/fr\/%d7%a9%d7%99%d7%a8%d7%95%d7%aa%d7%99%d7%9d\/#breadcrumb","itemListElement":[{"@type":"ListItem","position":1,"name":"Home","item":"https:\/\/menuhat-olam.org\/fr\/"},{"@type":"ListItem","position":2,"name":"Services"}]},{"@type":"WebSite","@id":"https:\/\/menuhat-olam.org\/fr\/#website","url":"https:\/\/menuhat-olam.org\/fr\/","name":"\u05de\u05e0\u05d5\u05d7\u05ea \u05e2\u05d5\u05dc\u05dd","description":"\u05d1\u05d9\u05ea \u05d4\u05e2\u05dc\u05de\u05d9\u05df \u05d4\u05d0\u05dc\u05d8\u05e8\u05e0\u05d8\u05d9\u05d1\u05d9 \u05d1\u05e0\u05ea\u05e0\u05d9\u05d4","potentialAction":[{"@type":"SearchAction","target":{"@type":"EntryPoint","urlTemplate":"https:\/\/menuhat-olam.org\/fr\/?s={search_term_string}"},"query-input":{"@type":"PropertyValueSpecification","valueRequired":true,"valueName":"search_term_string"}}],"inLanguage":"fr-FR"}]}},"_links":{"self":[{"href":"https:\/\/menuhat-olam.org\/fr\/wp-json\/wp\/v2\/pages\/10"}],"collection":[{"href":"https:\/\/menuhat-olam.org\/fr\/wp-json\/wp\/v2\/pages"}],"about":[{"href":"https:\/\/menuhat-olam.org\/fr\/wp-json\/wp\/v2\/types\/page"}],"author":[{"embeddable":true,"href":"https:\/\/menuhat-olam.org\/fr\/wp-json\/wp\/v2\/users\/1"}],"replies":[{"embeddable":true,"href":"https:\/\/menuhat-olam.org\/fr\/wp-json\/wp\/v2\/comments?post=10"}],"version-history":[{"count":21,"href":"https:\/\/menuhat-olam.org\/fr\/wp-json\/wp\/v2\/pages\/10\/revisions"}],"predecessor-version":[{"id":465,"href":"https:\/\/menuhat-olam.org\/fr\/wp-json\/wp\/v2\/pages\/10\/revisions\/465"}],"wp:featuredmedia":[{"embeddable":true,"href":"https:\/\/menuhat-olam.org\/fr\/wp-json\/wp\/v2\/media\/74"}],"wp:attachment":[{"href":"https:\/\/menuhat-olam.org\/fr\/wp-json\/wp\/v2\/media?parent=10"}],"curies":[{"name":"wp","href":"https:\/\/api.w.org\/{rel}","templated":true}]}}