{"id":28,"date":"2015-01-09T16:06:03","date_gmt":"2015-01-09T14:06:03","guid":{"rendered":"http:\/\/dicemarketing.co.il\/menuhat\/?page_id=28"},"modified":"2019-12-09T12:12:31","modified_gmt":"2019-12-09T10:12:31","slug":"%d7%98%d7%a7%d7%a1-%d7%a7%d7%91%d7%95%d7%a8%d7%94-%d7%99%d7%94%d7%95%d7%93%d7%99","status":"publish","type":"page","link":"https:\/\/menuhat-olam.org\/fr\/%d7%9e%d7%99%d7%93%d7%a2-%d7%9c%d7%9e%d7%a9%d7%a4%d7%97%d7%95%d7%aa\/%d7%98%d7%a7%d7%a1-%d7%a7%d7%91%d7%95%d7%a8%d7%94-%d7%99%d7%94%d7%95%d7%93%d7%99\/","title":{"rendered":"C\u00e9r\u00e9monie Juive"},"content":{"rendered":"<p><\/p>\n<p style=\"text-align: left;\">Menuhat Olam respecte la religion juive et permet une s\u00e9pulture juive orthodoxe dans le respect des codes de l Halakha, dans une parcelle sp\u00e9cifiquement d\u00e9di\u00e9e.<\/p>\n<p style=\"text-align: left;\">Menuhat Olam permet aux familles des d\u00e9funts d\u2019observer une c\u00e9r\u00e9monie juive en concordance avec leur conviction et \u00e0 la mesure de leur foi. Ainsi, il est possible de tenir \u00e0 Menuhat Olam une c\u00e9r\u00e9monie fid\u00e8le \u00e0 tous les rites et r\u00e8gles de la Halakha juive ou bien seulement \u00e0 une partie d\u2019entre eux, \u00e0 la demande. La proc\u00e9dure des fun\u00e9railles juives inclut les \u00e9l\u00e9ments suivants : la purification du d\u00e9funt (Tahara), le rev\u00eatement du linceul (Takhrikhim) et la mise en terre (avec ou sans cercueil).<\/p>\n<p style=\"text-align: left;\">Les fun\u00e9railles juives se d\u00e9roulent dans l\u2019ordre suivant :<br \/>\n1. Proc\u00e9dure fun\u00e9raire et mise en terre du d\u00e9funt.<br \/>\n2. R\u00e9citation du Kaddish par les membres de la famille.<br \/>\n3. Pri\u00e8re fun\u00e8bre (Hashkava).<br \/>\n4. Demande de pardon au d\u00e9funt (Mekhila).<br \/>\n5. La famille et les proches recouvrent la tombe de terre.<br \/>\n6. le personnel du cimeti\u00e8re ach\u00e8ve de recouvrir la tombe de terre.<\/p>\n<p style=\"text-align: left;\">Afin de soulager les familles lors des obs\u00e8ques, nous recommandons de pr\u00e9voir la proc\u00e9dure de l\u2019enterrement \u00e0 l\u2019avance, en coordination et avec l\u2019aide du personnel du cimeti\u00e8re. Nous proposons gratuitement les services \u00e9l\u00e9mentaires suivants : creusage de la tombe, proc\u00e9dure de l\u2019enterrement \u2013 mise en terre du d\u00e9funt, pri\u00e8re et demande de pardon au d\u00e9funt par le personnel du cimeti\u00e8re et\/ou par un chantre (Hazzan) et couverture de la tombe.<\/p>\n<p style=\"text-align: left;\">Au besoin, et suivant la demande de la famille, il est possible d\u2019agr\u00e9menter la c\u00e9r\u00e9monie fun\u00e9raire de services suppl\u00e9mentaires tarif\u00e9s : protection du soleil et des intemp\u00e9ries, chaises, boissons, amplification, et autres.<\/p>\n<p><\/p>\n<p><\/p>","protected":false},"excerpt":{"rendered":"<p>Menuhat Olam respecte la religion juive et permet une s\u00e9pulture juive orthodoxe dans le respect des codes de l Halakha, dans une parcelle sp\u00e9cifiquement d\u00e9di\u00e9e. Menuhat Olam permet aux familles des d\u00e9funts d\u2019observer une c\u00e9r\u00e9monie juive en concordance avec leur conviction et \u00e0 la mesure de leur foi. Ainsi, il est possible de tenir \u00e0 &hellip; <a href=\"https:\/\/menuhat-olam.org\/fr\/%d7%9e%d7%99%d7%93%d7%a2-%d7%9c%d7%9e%d7%a9%d7%a4%d7%97%d7%95%d7%aa\/%d7%98%d7%a7%d7%a1-%d7%a7%d7%91%d7%95%d7%a8%d7%94-%d7%99%d7%94%d7%95%d7%93%d7%99\/\" class=\"more-link\">Continuer la lecture de <span class=\"screen-reader-text\">C\u00e9r\u00e9monie Juive<\/span> <span class=\"meta-nav\">&rarr;<\/span><\/a><\/p>\n","protected":false},"author":1,"featured_media":0,"parent":14,"menu_order":4,"comment_status":"open","ping_status":"closed","template":"","meta":{"footnotes":""},"yoast_head":"<!-- This site is optimized with the Yoast SEO plugin v23.5 - https:\/\/yoast.com\/wordpress\/plugins\/seo\/ -->\n<title>C\u00e9r\u00e9monie Juive - \u05de\u05e0\u05d5\u05d7\u05ea \u05e2\u05d5\u05dc\u05dd<\/title>\n<meta name=\"robots\" content=\"index, follow, max-snippet:-1, max-image-preview:large, max-video-preview:-1\" \/>\n<link rel=\"canonical\" href=\"https:\/\/menuhat-olam.org\/fr\/\u05de\u05d9\u05d3\u05e2-\u05dc\u05de\u05e9\u05e4\u05d7\u05d5\u05ea\/\u05d8\u05e7\u05e1-\u05e7\u05d1\u05d5\u05e8\u05d4-\u05d9\u05d4\u05d5\u05d3\u05d9\/\" \/>\n<meta property=\"og:locale\" content=\"fr_FR\" \/>\n<meta property=\"og:type\" content=\"article\" \/>\n<meta property=\"og:title\" content=\"C\u00e9r\u00e9monie Juive - \u05de\u05e0\u05d5\u05d7\u05ea \u05e2\u05d5\u05dc\u05dd\" \/>\n<meta property=\"og:description\" content=\"Menuhat Olam respecte la religion juive et permet une s\u00e9pulture juive orthodoxe dans le respect des codes de l Halakha, dans une parcelle sp\u00e9cifiquement d\u00e9di\u00e9e. Menuhat Olam permet aux familles des d\u00e9funts d\u2019observer une c\u00e9r\u00e9monie juive en concordance avec leur conviction et \u00e0 la mesure de leur foi. Ainsi, il est possible de tenir \u00e0 &hellip; Continuer la lecture de C\u00e9r\u00e9monie Juive &rarr;\" \/>\n<meta property=\"og:url\" content=\"https:\/\/menuhat-olam.org\/fr\/\u05de\u05d9\u05d3\u05e2-\u05dc\u05de\u05e9\u05e4\u05d7\u05d5\u05ea\/\u05d8\u05e7\u05e1-\u05e7\u05d1\u05d5\u05e8\u05d4-\u05d9\u05d4\u05d5\u05d3\u05d9\/\" \/>\n<meta property=\"og:site_name\" content=\"\u05de\u05e0\u05d5\u05d7\u05ea \u05e2\u05d5\u05dc\u05dd\" \/>\n<meta property=\"article:modified_time\" content=\"2019-12-09T10:12:31+00:00\" \/>\n<meta name=\"twitter:card\" content=\"summary_large_image\" \/>\n<meta name=\"twitter:label1\" content=\"Dur\u00e9e de lecture estim\u00e9e\" \/>\n\t<meta name=\"twitter:data1\" content=\"3 minutes\" \/>\n<script type=\"application\/ld+json\" class=\"yoast-schema-graph\">{\"@context\":\"https:\/\/schema.org\",\"@graph\":[{\"@type\":\"WebPage\",\"@id\":\"https:\/\/menuhat-olam.org\/fr\/%d7%9e%d7%99%d7%93%d7%a2-%d7%9c%d7%9e%d7%a9%d7%a4%d7%97%d7%95%d7%aa\/%d7%98%d7%a7%d7%a1-%d7%a7%d7%91%d7%95%d7%a8%d7%94-%d7%99%d7%94%d7%95%d7%93%d7%99\/\",\"url\":\"https:\/\/menuhat-olam.org\/fr\/%d7%9e%d7%99%d7%93%d7%a2-%d7%9c%d7%9e%d7%a9%d7%a4%d7%97%d7%95%d7%aa\/%d7%98%d7%a7%d7%a1-%d7%a7%d7%91%d7%95%d7%a8%d7%94-%d7%99%d7%94%d7%95%d7%93%d7%99\/\",\"name\":\"C\u00e9r\u00e9monie Juive - \u05de\u05e0\u05d5\u05d7\u05ea \u05e2\u05d5\u05dc\u05dd\",\"isPartOf\":{\"@id\":\"https:\/\/menuhat-olam.org\/fr\/#website\"},\"datePublished\":\"2015-01-09T14:06:03+00:00\",\"dateModified\":\"2019-12-09T10:12:31+00:00\",\"breadcrumb\":{\"@id\":\"https:\/\/menuhat-olam.org\/fr\/%d7%9e%d7%99%d7%93%d7%a2-%d7%9c%d7%9e%d7%a9%d7%a4%d7%97%d7%95%d7%aa\/%d7%98%d7%a7%d7%a1-%d7%a7%d7%91%d7%95%d7%a8%d7%94-%d7%99%d7%94%d7%95%d7%93%d7%99\/#breadcrumb\"},\"inLanguage\":\"fr-FR\",\"potentialAction\":[{\"@type\":\"ReadAction\",\"target\":[[\"https:\/\/menuhat-olam.org\/fr\/%d7%9e%d7%99%d7%93%d7%a2-%d7%9c%d7%9e%d7%a9%d7%a4%d7%97%d7%95%d7%aa\/%d7%98%d7%a7%d7%a1-%d7%a7%d7%91%d7%95%d7%a8%d7%94-%d7%99%d7%94%d7%95%d7%93%d7%99\/\"]]}]},{\"@type\":\"BreadcrumbList\",\"@id\":\"https:\/\/menuhat-olam.org\/fr\/%d7%9e%d7%99%d7%93%d7%a2-%d7%9c%d7%9e%d7%a9%d7%a4%d7%97%d7%95%d7%aa\/%d7%98%d7%a7%d7%a1-%d7%a7%d7%91%d7%95%d7%a8%d7%94-%d7%99%d7%94%d7%95%d7%93%d7%99\/#breadcrumb\",\"itemListElement\":[{\"@type\":\"ListItem\",\"position\":1,\"name\":\"Home\",\"item\":\"https:\/\/menuhat-olam.org\/fr\/\"},{\"@type\":\"ListItem\",\"position\":2,\"name\":\"Aux Familles\",\"item\":\"https:\/\/menuhat-olam.org\/fr\/%d7%9e%d7%99%d7%93%d7%a2-%d7%9c%d7%9e%d7%a9%d7%a4%d7%97%d7%95%d7%aa\/\"},{\"@type\":\"ListItem\",\"position\":3,\"name\":\"C\u00e9r\u00e9monie Juive\"}]},{\"@type\":\"WebSite\",\"@id\":\"https:\/\/menuhat-olam.org\/fr\/#website\",\"url\":\"https:\/\/menuhat-olam.org\/fr\/\",\"name\":\"\u05de\u05e0\u05d5\u05d7\u05ea \u05e2\u05d5\u05dc\u05dd\",\"description\":\"\u05d1\u05d9\u05ea \u05d4\u05e2\u05dc\u05de\u05d9\u05df \u05d4\u05d0\u05dc\u05d8\u05e8\u05e0\u05d8\u05d9\u05d1\u05d9 \u05d1\u05e0\u05ea\u05e0\u05d9\u05d4\",\"potentialAction\":[{\"@type\":\"SearchAction\",\"target\":{\"@type\":\"EntryPoint\",\"urlTemplate\":\"https:\/\/menuhat-olam.org\/fr\/?s={search_term_string}\"},\"query-input\":{\"@type\":\"PropertyValueSpecification\",\"valueRequired\":true,\"valueName\":\"search_term_string\"}}],\"inLanguage\":\"fr-FR\"}]}<\/script>\n<!-- \/ Yoast SEO plugin. -->","yoast_head_json":{"title":"C\u00e9r\u00e9monie Juive - \u05de\u05e0\u05d5\u05d7\u05ea \u05e2\u05d5\u05dc\u05dd","robots":{"index":"index","follow":"follow","max-snippet":"max-snippet:-1","max-image-preview":"max-image-preview:large","max-video-preview":"max-video-preview:-1"},"canonical":"https:\/\/menuhat-olam.org\/fr\/\u05de\u05d9\u05d3\u05e2-\u05dc\u05de\u05e9\u05e4\u05d7\u05d5\u05ea\/\u05d8\u05e7\u05e1-\u05e7\u05d1\u05d5\u05e8\u05d4-\u05d9\u05d4\u05d5\u05d3\u05d9\/","og_locale":"fr_FR","og_type":"article","og_title":"C\u00e9r\u00e9monie Juive - \u05de\u05e0\u05d5\u05d7\u05ea \u05e2\u05d5\u05dc\u05dd","og_description":"Menuhat Olam respecte la religion juive et permet une s\u00e9pulture juive orthodoxe dans le respect des codes de l Halakha, dans une parcelle sp\u00e9cifiquement d\u00e9di\u00e9e. Menuhat Olam permet aux familles des d\u00e9funts d\u2019observer une c\u00e9r\u00e9monie juive en concordance avec leur conviction et \u00e0 la mesure de leur foi. Ainsi, il est possible de tenir \u00e0 &hellip; Continuer la lecture de C\u00e9r\u00e9monie Juive &rarr;","og_url":"https:\/\/menuhat-olam.org\/fr\/\u05de\u05d9\u05d3\u05e2-\u05dc\u05de\u05e9\u05e4\u05d7\u05d5\u05ea\/\u05d8\u05e7\u05e1-\u05e7\u05d1\u05d5\u05e8\u05d4-\u05d9\u05d4\u05d5\u05d3\u05d9\/","og_site_name":"\u05de\u05e0\u05d5\u05d7\u05ea \u05e2\u05d5\u05dc\u05dd","article_modified_time":"2019-12-09T10:12:31+00:00","twitter_card":"summary_large_image","twitter_misc":{"Dur\u00e9e de lecture estim\u00e9e":"3 minutes"},"schema":{"@context":"https:\/\/schema.org","@graph":[{"@type":"WebPage","@id":"https:\/\/menuhat-olam.org\/fr\/%d7%9e%d7%99%d7%93%d7%a2-%d7%9c%d7%9e%d7%a9%d7%a4%d7%97%d7%95%d7%aa\/%d7%98%d7%a7%d7%a1-%d7%a7%d7%91%d7%95%d7%a8%d7%94-%d7%99%d7%94%d7%95%d7%93%d7%99\/","url":"https:\/\/menuhat-olam.org\/fr\/%d7%9e%d7%99%d7%93%d7%a2-%d7%9c%d7%9e%d7%a9%d7%a4%d7%97%d7%95%d7%aa\/%d7%98%d7%a7%d7%a1-%d7%a7%d7%91%d7%95%d7%a8%d7%94-%d7%99%d7%94%d7%95%d7%93%d7%99\/","name":"C\u00e9r\u00e9monie Juive - \u05de\u05e0\u05d5\u05d7\u05ea \u05e2\u05d5\u05dc\u05dd","isPartOf":{"@id":"https:\/\/menuhat-olam.org\/fr\/#website"},"datePublished":"2015-01-09T14:06:03+00:00","dateModified":"2019-12-09T10:12:31+00:00","breadcrumb":{"@id":"https:\/\/menuhat-olam.org\/fr\/%d7%9e%d7%99%d7%93%d7%a2-%d7%9c%d7%9e%d7%a9%d7%a4%d7%97%d7%95%d7%aa\/%d7%98%d7%a7%d7%a1-%d7%a7%d7%91%d7%95%d7%a8%d7%94-%d7%99%d7%94%d7%95%d7%93%d7%99\/#breadcrumb"},"inLanguage":"fr-FR","potentialAction":[{"@type":"ReadAction","target":[["https:\/\/menuhat-olam.org\/fr\/%d7%9e%d7%99%d7%93%d7%a2-%d7%9c%d7%9e%d7%a9%d7%a4%d7%97%d7%95%d7%aa\/%d7%98%d7%a7%d7%a1-%d7%a7%d7%91%d7%95%d7%a8%d7%94-%d7%99%d7%94%d7%95%d7%93%d7%99\/"]]}]},{"@type":"BreadcrumbList","@id":"https:\/\/menuhat-olam.org\/fr\/%d7%9e%d7%99%d7%93%d7%a2-%d7%9c%d7%9e%d7%a9%d7%a4%d7%97%d7%95%d7%aa\/%d7%98%d7%a7%d7%a1-%d7%a7%d7%91%d7%95%d7%a8%d7%94-%d7%99%d7%94%d7%95%d7%93%d7%99\/#breadcrumb","itemListElement":[{"@type":"ListItem","position":1,"name":"Home","item":"https:\/\/menuhat-olam.org\/fr\/"},{"@type":"ListItem","position":2,"name":"Aux Familles","item":"https:\/\/menuhat-olam.org\/fr\/%d7%9e%d7%99%d7%93%d7%a2-%d7%9c%d7%9e%d7%a9%d7%a4%d7%97%d7%95%d7%aa\/"},{"@type":"ListItem","position":3,"name":"C\u00e9r\u00e9monie Juive"}]},{"@type":"WebSite","@id":"https:\/\/menuhat-olam.org\/fr\/#website","url":"https:\/\/menuhat-olam.org\/fr\/","name":"\u05de\u05e0\u05d5\u05d7\u05ea \u05e2\u05d5\u05dc\u05dd","description":"\u05d1\u05d9\u05ea \u05d4\u05e2\u05dc\u05de\u05d9\u05df \u05d4\u05d0\u05dc\u05d8\u05e8\u05e0\u05d8\u05d9\u05d1\u05d9 \u05d1\u05e0\u05ea\u05e0\u05d9\u05d4","potentialAction":[{"@type":"SearchAction","target":{"@type":"EntryPoint","urlTemplate":"https:\/\/menuhat-olam.org\/fr\/?s={search_term_string}"},"query-input":{"@type":"PropertyValueSpecification","valueRequired":true,"valueName":"search_term_string"}}],"inLanguage":"fr-FR"}]}},"_links":{"self":[{"href":"https:\/\/menuhat-olam.org\/fr\/wp-json\/wp\/v2\/pages\/28"}],"collection":[{"href":"https:\/\/menuhat-olam.org\/fr\/wp-json\/wp\/v2\/pages"}],"about":[{"href":"https:\/\/menuhat-olam.org\/fr\/wp-json\/wp\/v2\/types\/page"}],"author":[{"embeddable":true,"href":"https:\/\/menuhat-olam.org\/fr\/wp-json\/wp\/v2\/users\/1"}],"replies":[{"embeddable":true,"href":"https:\/\/menuhat-olam.org\/fr\/wp-json\/wp\/v2\/comments?post=28"}],"version-history":[{"count":17,"href":"https:\/\/menuhat-olam.org\/fr\/wp-json\/wp\/v2\/pages\/28\/revisions"}],"predecessor-version":[{"id":505,"href":"https:\/\/menuhat-olam.org\/fr\/wp-json\/wp\/v2\/pages\/28\/revisions\/505"}],"up":[{"embeddable":true,"href":"https:\/\/menuhat-olam.org\/fr\/wp-json\/wp\/v2\/pages\/14"}],"wp:attachment":[{"href":"https:\/\/menuhat-olam.org\/fr\/wp-json\/wp\/v2\/media?parent=28"}],"curies":[{"name":"wp","href":"https:\/\/api.w.org\/{rel}","templated":true}]}}