{"id":30,"date":"2015-01-09T16:06:28","date_gmt":"2015-01-09T14:06:28","guid":{"rendered":"http:\/\/dicemarketing.co.il\/menuhat\/?page_id=30"},"modified":"2019-12-09T13:39:26","modified_gmt":"2019-12-09T11:39:26","slug":"%d7%98%d7%a7%d7%a1-%d7%a7%d7%91%d7%95%d7%a8%d7%94-%d7%90%d7%9c%d7%98%d7%a8%d7%a0%d7%98%d7%99%d7%91%d7%99","status":"publish","type":"page","link":"https:\/\/menuhat-olam.org\/fr\/%d7%9e%d7%99%d7%93%d7%a2-%d7%9c%d7%9e%d7%a9%d7%a4%d7%97%d7%95%d7%aa\/%d7%98%d7%a7%d7%a1-%d7%a7%d7%91%d7%95%d7%a8%d7%94-%d7%90%d7%9c%d7%98%d7%a8%d7%a0%d7%98%d7%99%d7%91%d7%99\/","title":{"rendered":"Alternative C\u00e9r\u00e9monie"},"content":{"rendered":"<p><\/p>\n<p style=\"text-align: left;\">Menuhat Olam permet aux familles des d\u00e9funts de r\u00e9aliser des obs\u00e8ques en concordance avec leurs convictions et leur foi. Les obs\u00e8ques civiles s\u2019adaptent aux m\u0153urs et aux volont\u00e9s du d\u00e9funt et de sa famille.<\/p>\n<p style=\"text-align: left;\">(Les obs\u00e8ques peuvent inclure les \u00e9l\u00e9ments de la c\u00e9r\u00e9monie religieuse, suivant le choix de la famille).<br \/>\nLe d\u00e9roulement des obs\u00e8ques civiles est enti\u00e8rement libre et peut inclure chacun des \u00e9l\u00e9ments suivants,\u00a0 au choix de la famille du d\u00e9funt et avec la seule r\u00e9serve de ne pouvoir accepter d\u2019\u00e9l\u00e9ment irrespectueux\u00a0:<\/p>\n<p style=\"text-align: left;\">Identification du d\u00e9funt et c\u00e9r\u00e9monie d\u2019adieu des membres de la famille &#8211;<br \/>\nOraisons donn\u00e9es dans le hall pr\u00e9vu \u00e0 cet effet &#8211;<br \/>\nProc\u00e9dure de l\u2019enterrement \u2013 mise en terre du d\u00e9funt &#8211;<br \/>\nR\u00e9citation du Kaddish \/ d\u2019un Psaume de Tehilim \/ d\u2019une pri\u00e8re au choix de la famille &#8211;<br \/>\nOraisons suppl\u00e9mentaires suite \u00e0 la mise en terre &#8211;<br \/>\nR\u00e9citation po\u00e9sie, de prose ou de chant, avec ou sans accompagnement musical &#8211;<br \/>\nD\u00e9p\u00f4t de fleurs sur la tombe &#8211;<br \/>\nLa famille et les proches recouvrent la tombe de terre avec l\u2019aide du personnel du cimeti\u00e8re &#8211;<\/p>\n<p style=\"text-align: left;\">Afin de soulager les familles lors des obs\u00e8ques, nous recommandons de pr\u00e9voir la proc\u00e9dure de l\u2019enterrement \u00e0 l\u2019avance, en coordination et avec l\u2019aide du personnel du cimeti\u00e8re. Nous proposons gratuitement les services \u00e9l\u00e9mentaires suivants\u00a0: creusage de la tombe, proc\u00e9dure de l\u2019enterrement \u2013 mise en terre du d\u00e9funt, pri\u00e8re et demande de pardon au d\u00e9funt par le personnel du cimeti\u00e8re et\/ou par un chantre (Hazzan) et couverture de la tombe<br \/>\nAu besoin, et suivant la demande de la famille, il est possible d\u2019agr\u00e9menter la c\u00e9r\u00e9monie fun\u00e9raire\u00a0 de services suppl\u00e9mentaires tarif\u00e9s: protection du soleil et des intemp\u00e9ries, chaises, boissons, amplification, et autres.<\/p>\n<p><\/p>\n<p><\/p>","protected":false},"excerpt":{"rendered":"<p>Menuhat Olam permet aux familles des d\u00e9funts de r\u00e9aliser des obs\u00e8ques en concordance avec leurs convictions et leur foi. Les obs\u00e8ques civiles s\u2019adaptent aux m\u0153urs et aux volont\u00e9s du d\u00e9funt et de sa famille. (Les obs\u00e8ques peuvent inclure les \u00e9l\u00e9ments de la c\u00e9r\u00e9monie religieuse, suivant le choix de la famille). Le d\u00e9roulement des obs\u00e8ques civiles &hellip; <a href=\"https:\/\/menuhat-olam.org\/fr\/%d7%9e%d7%99%d7%93%d7%a2-%d7%9c%d7%9e%d7%a9%d7%a4%d7%97%d7%95%d7%aa\/%d7%98%d7%a7%d7%a1-%d7%a7%d7%91%d7%95%d7%a8%d7%94-%d7%90%d7%9c%d7%98%d7%a8%d7%a0%d7%98%d7%99%d7%91%d7%99\/\" class=\"more-link\">Continuer la lecture de <span class=\"screen-reader-text\">Alternative C\u00e9r\u00e9monie<\/span> <span class=\"meta-nav\">&rarr;<\/span><\/a><\/p>\n","protected":false},"author":1,"featured_media":0,"parent":14,"menu_order":5,"comment_status":"open","ping_status":"closed","template":"","meta":{"footnotes":""},"yoast_head":"<!-- This site is optimized with the Yoast SEO plugin v23.5 - https:\/\/yoast.com\/wordpress\/plugins\/seo\/ -->\n<title>Alternative C\u00e9r\u00e9monie - \u05de\u05e0\u05d5\u05d7\u05ea \u05e2\u05d5\u05dc\u05dd<\/title>\n<meta name=\"robots\" content=\"index, follow, max-snippet:-1, max-image-preview:large, max-video-preview:-1\" \/>\n<link rel=\"canonical\" href=\"https:\/\/menuhat-olam.org\/fr\/\u05de\u05d9\u05d3\u05e2-\u05dc\u05de\u05e9\u05e4\u05d7\u05d5\u05ea\/\u05d8\u05e7\u05e1-\u05e7\u05d1\u05d5\u05e8\u05d4-\u05d0\u05dc\u05d8\u05e8\u05e0\u05d8\u05d9\u05d1\u05d9\/\" \/>\n<meta property=\"og:locale\" content=\"fr_FR\" \/>\n<meta property=\"og:type\" content=\"article\" \/>\n<meta property=\"og:title\" content=\"Alternative C\u00e9r\u00e9monie - \u05de\u05e0\u05d5\u05d7\u05ea \u05e2\u05d5\u05dc\u05dd\" \/>\n<meta property=\"og:description\" content=\"Menuhat Olam permet aux familles des d\u00e9funts de r\u00e9aliser des obs\u00e8ques en concordance avec leurs convictions et leur foi. Les obs\u00e8ques civiles s\u2019adaptent aux m\u0153urs et aux volont\u00e9s du d\u00e9funt et de sa famille. (Les obs\u00e8ques peuvent inclure les \u00e9l\u00e9ments de la c\u00e9r\u00e9monie religieuse, suivant le choix de la famille). Le d\u00e9roulement des obs\u00e8ques civiles &hellip; Continuer la lecture de Alternative C\u00e9r\u00e9monie &rarr;\" \/>\n<meta property=\"og:url\" content=\"https:\/\/menuhat-olam.org\/fr\/\u05de\u05d9\u05d3\u05e2-\u05dc\u05de\u05e9\u05e4\u05d7\u05d5\u05ea\/\u05d8\u05e7\u05e1-\u05e7\u05d1\u05d5\u05e8\u05d4-\u05d0\u05dc\u05d8\u05e8\u05e0\u05d8\u05d9\u05d1\u05d9\/\" \/>\n<meta property=\"og:site_name\" content=\"\u05de\u05e0\u05d5\u05d7\u05ea \u05e2\u05d5\u05dc\u05dd\" \/>\n<meta property=\"article:modified_time\" content=\"2019-12-09T11:39:26+00:00\" \/>\n<meta name=\"twitter:card\" content=\"summary_large_image\" \/>\n<meta name=\"twitter:label1\" content=\"Dur\u00e9e de lecture estim\u00e9e\" \/>\n\t<meta name=\"twitter:data1\" content=\"3 minutes\" \/>\n<script type=\"application\/ld+json\" class=\"yoast-schema-graph\">{\"@context\":\"https:\/\/schema.org\",\"@graph\":[{\"@type\":\"WebPage\",\"@id\":\"https:\/\/menuhat-olam.org\/fr\/%d7%9e%d7%99%d7%93%d7%a2-%d7%9c%d7%9e%d7%a9%d7%a4%d7%97%d7%95%d7%aa\/%d7%98%d7%a7%d7%a1-%d7%a7%d7%91%d7%95%d7%a8%d7%94-%d7%90%d7%9c%d7%98%d7%a8%d7%a0%d7%98%d7%99%d7%91%d7%99\/\",\"url\":\"https:\/\/menuhat-olam.org\/fr\/%d7%9e%d7%99%d7%93%d7%a2-%d7%9c%d7%9e%d7%a9%d7%a4%d7%97%d7%95%d7%aa\/%d7%98%d7%a7%d7%a1-%d7%a7%d7%91%d7%95%d7%a8%d7%94-%d7%90%d7%9c%d7%98%d7%a8%d7%a0%d7%98%d7%99%d7%91%d7%99\/\",\"name\":\"Alternative C\u00e9r\u00e9monie - \u05de\u05e0\u05d5\u05d7\u05ea \u05e2\u05d5\u05dc\u05dd\",\"isPartOf\":{\"@id\":\"https:\/\/menuhat-olam.org\/fr\/#website\"},\"datePublished\":\"2015-01-09T14:06:28+00:00\",\"dateModified\":\"2019-12-09T11:39:26+00:00\",\"breadcrumb\":{\"@id\":\"https:\/\/menuhat-olam.org\/fr\/%d7%9e%d7%99%d7%93%d7%a2-%d7%9c%d7%9e%d7%a9%d7%a4%d7%97%d7%95%d7%aa\/%d7%98%d7%a7%d7%a1-%d7%a7%d7%91%d7%95%d7%a8%d7%94-%d7%90%d7%9c%d7%98%d7%a8%d7%a0%d7%98%d7%99%d7%91%d7%99\/#breadcrumb\"},\"inLanguage\":\"fr-FR\",\"potentialAction\":[{\"@type\":\"ReadAction\",\"target\":[[\"https:\/\/menuhat-olam.org\/fr\/%d7%9e%d7%99%d7%93%d7%a2-%d7%9c%d7%9e%d7%a9%d7%a4%d7%97%d7%95%d7%aa\/%d7%98%d7%a7%d7%a1-%d7%a7%d7%91%d7%95%d7%a8%d7%94-%d7%90%d7%9c%d7%98%d7%a8%d7%a0%d7%98%d7%99%d7%91%d7%99\/\"]]}]},{\"@type\":\"BreadcrumbList\",\"@id\":\"https:\/\/menuhat-olam.org\/fr\/%d7%9e%d7%99%d7%93%d7%a2-%d7%9c%d7%9e%d7%a9%d7%a4%d7%97%d7%95%d7%aa\/%d7%98%d7%a7%d7%a1-%d7%a7%d7%91%d7%95%d7%a8%d7%94-%d7%90%d7%9c%d7%98%d7%a8%d7%a0%d7%98%d7%99%d7%91%d7%99\/#breadcrumb\",\"itemListElement\":[{\"@type\":\"ListItem\",\"position\":1,\"name\":\"Home\",\"item\":\"https:\/\/menuhat-olam.org\/fr\/\"},{\"@type\":\"ListItem\",\"position\":2,\"name\":\"Aux Familles\",\"item\":\"https:\/\/menuhat-olam.org\/fr\/%d7%9e%d7%99%d7%93%d7%a2-%d7%9c%d7%9e%d7%a9%d7%a4%d7%97%d7%95%d7%aa\/\"},{\"@type\":\"ListItem\",\"position\":3,\"name\":\"Alternative C\u00e9r\u00e9monie\"}]},{\"@type\":\"WebSite\",\"@id\":\"https:\/\/menuhat-olam.org\/fr\/#website\",\"url\":\"https:\/\/menuhat-olam.org\/fr\/\",\"name\":\"\u05de\u05e0\u05d5\u05d7\u05ea \u05e2\u05d5\u05dc\u05dd\",\"description\":\"\u05d1\u05d9\u05ea \u05d4\u05e2\u05dc\u05de\u05d9\u05df \u05d4\u05d0\u05dc\u05d8\u05e8\u05e0\u05d8\u05d9\u05d1\u05d9 \u05d1\u05e0\u05ea\u05e0\u05d9\u05d4\",\"potentialAction\":[{\"@type\":\"SearchAction\",\"target\":{\"@type\":\"EntryPoint\",\"urlTemplate\":\"https:\/\/menuhat-olam.org\/fr\/?s={search_term_string}\"},\"query-input\":{\"@type\":\"PropertyValueSpecification\",\"valueRequired\":true,\"valueName\":\"search_term_string\"}}],\"inLanguage\":\"fr-FR\"}]}<\/script>\n<!-- \/ Yoast SEO plugin. -->","yoast_head_json":{"title":"Alternative C\u00e9r\u00e9monie - \u05de\u05e0\u05d5\u05d7\u05ea \u05e2\u05d5\u05dc\u05dd","robots":{"index":"index","follow":"follow","max-snippet":"max-snippet:-1","max-image-preview":"max-image-preview:large","max-video-preview":"max-video-preview:-1"},"canonical":"https:\/\/menuhat-olam.org\/fr\/\u05de\u05d9\u05d3\u05e2-\u05dc\u05de\u05e9\u05e4\u05d7\u05d5\u05ea\/\u05d8\u05e7\u05e1-\u05e7\u05d1\u05d5\u05e8\u05d4-\u05d0\u05dc\u05d8\u05e8\u05e0\u05d8\u05d9\u05d1\u05d9\/","og_locale":"fr_FR","og_type":"article","og_title":"Alternative C\u00e9r\u00e9monie - \u05de\u05e0\u05d5\u05d7\u05ea \u05e2\u05d5\u05dc\u05dd","og_description":"Menuhat Olam permet aux familles des d\u00e9funts de r\u00e9aliser des obs\u00e8ques en concordance avec leurs convictions et leur foi. Les obs\u00e8ques civiles s\u2019adaptent aux m\u0153urs et aux volont\u00e9s du d\u00e9funt et de sa famille. (Les obs\u00e8ques peuvent inclure les \u00e9l\u00e9ments de la c\u00e9r\u00e9monie religieuse, suivant le choix de la famille). Le d\u00e9roulement des obs\u00e8ques civiles &hellip; Continuer la lecture de Alternative C\u00e9r\u00e9monie &rarr;","og_url":"https:\/\/menuhat-olam.org\/fr\/\u05de\u05d9\u05d3\u05e2-\u05dc\u05de\u05e9\u05e4\u05d7\u05d5\u05ea\/\u05d8\u05e7\u05e1-\u05e7\u05d1\u05d5\u05e8\u05d4-\u05d0\u05dc\u05d8\u05e8\u05e0\u05d8\u05d9\u05d1\u05d9\/","og_site_name":"\u05de\u05e0\u05d5\u05d7\u05ea \u05e2\u05d5\u05dc\u05dd","article_modified_time":"2019-12-09T11:39:26+00:00","twitter_card":"summary_large_image","twitter_misc":{"Dur\u00e9e de lecture estim\u00e9e":"3 minutes"},"schema":{"@context":"https:\/\/schema.org","@graph":[{"@type":"WebPage","@id":"https:\/\/menuhat-olam.org\/fr\/%d7%9e%d7%99%d7%93%d7%a2-%d7%9c%d7%9e%d7%a9%d7%a4%d7%97%d7%95%d7%aa\/%d7%98%d7%a7%d7%a1-%d7%a7%d7%91%d7%95%d7%a8%d7%94-%d7%90%d7%9c%d7%98%d7%a8%d7%a0%d7%98%d7%99%d7%91%d7%99\/","url":"https:\/\/menuhat-olam.org\/fr\/%d7%9e%d7%99%d7%93%d7%a2-%d7%9c%d7%9e%d7%a9%d7%a4%d7%97%d7%95%d7%aa\/%d7%98%d7%a7%d7%a1-%d7%a7%d7%91%d7%95%d7%a8%d7%94-%d7%90%d7%9c%d7%98%d7%a8%d7%a0%d7%98%d7%99%d7%91%d7%99\/","name":"Alternative C\u00e9r\u00e9monie - \u05de\u05e0\u05d5\u05d7\u05ea \u05e2\u05d5\u05dc\u05dd","isPartOf":{"@id":"https:\/\/menuhat-olam.org\/fr\/#website"},"datePublished":"2015-01-09T14:06:28+00:00","dateModified":"2019-12-09T11:39:26+00:00","breadcrumb":{"@id":"https:\/\/menuhat-olam.org\/fr\/%d7%9e%d7%99%d7%93%d7%a2-%d7%9c%d7%9e%d7%a9%d7%a4%d7%97%d7%95%d7%aa\/%d7%98%d7%a7%d7%a1-%d7%a7%d7%91%d7%95%d7%a8%d7%94-%d7%90%d7%9c%d7%98%d7%a8%d7%a0%d7%98%d7%99%d7%91%d7%99\/#breadcrumb"},"inLanguage":"fr-FR","potentialAction":[{"@type":"ReadAction","target":[["https:\/\/menuhat-olam.org\/fr\/%d7%9e%d7%99%d7%93%d7%a2-%d7%9c%d7%9e%d7%a9%d7%a4%d7%97%d7%95%d7%aa\/%d7%98%d7%a7%d7%a1-%d7%a7%d7%91%d7%95%d7%a8%d7%94-%d7%90%d7%9c%d7%98%d7%a8%d7%a0%d7%98%d7%99%d7%91%d7%99\/"]]}]},{"@type":"BreadcrumbList","@id":"https:\/\/menuhat-olam.org\/fr\/%d7%9e%d7%99%d7%93%d7%a2-%d7%9c%d7%9e%d7%a9%d7%a4%d7%97%d7%95%d7%aa\/%d7%98%d7%a7%d7%a1-%d7%a7%d7%91%d7%95%d7%a8%d7%94-%d7%90%d7%9c%d7%98%d7%a8%d7%a0%d7%98%d7%99%d7%91%d7%99\/#breadcrumb","itemListElement":[{"@type":"ListItem","position":1,"name":"Home","item":"https:\/\/menuhat-olam.org\/fr\/"},{"@type":"ListItem","position":2,"name":"Aux Familles","item":"https:\/\/menuhat-olam.org\/fr\/%d7%9e%d7%99%d7%93%d7%a2-%d7%9c%d7%9e%d7%a9%d7%a4%d7%97%d7%95%d7%aa\/"},{"@type":"ListItem","position":3,"name":"Alternative C\u00e9r\u00e9monie"}]},{"@type":"WebSite","@id":"https:\/\/menuhat-olam.org\/fr\/#website","url":"https:\/\/menuhat-olam.org\/fr\/","name":"\u05de\u05e0\u05d5\u05d7\u05ea \u05e2\u05d5\u05dc\u05dd","description":"\u05d1\u05d9\u05ea \u05d4\u05e2\u05dc\u05de\u05d9\u05df \u05d4\u05d0\u05dc\u05d8\u05e8\u05e0\u05d8\u05d9\u05d1\u05d9 \u05d1\u05e0\u05ea\u05e0\u05d9\u05d4","potentialAction":[{"@type":"SearchAction","target":{"@type":"EntryPoint","urlTemplate":"https:\/\/menuhat-olam.org\/fr\/?s={search_term_string}"},"query-input":{"@type":"PropertyValueSpecification","valueRequired":true,"valueName":"search_term_string"}}],"inLanguage":"fr-FR"}]}},"_links":{"self":[{"href":"https:\/\/menuhat-olam.org\/fr\/wp-json\/wp\/v2\/pages\/30"}],"collection":[{"href":"https:\/\/menuhat-olam.org\/fr\/wp-json\/wp\/v2\/pages"}],"about":[{"href":"https:\/\/menuhat-olam.org\/fr\/wp-json\/wp\/v2\/types\/page"}],"author":[{"embeddable":true,"href":"https:\/\/menuhat-olam.org\/fr\/wp-json\/wp\/v2\/users\/1"}],"replies":[{"embeddable":true,"href":"https:\/\/menuhat-olam.org\/fr\/wp-json\/wp\/v2\/comments?post=30"}],"version-history":[{"count":11,"href":"https:\/\/menuhat-olam.org\/fr\/wp-json\/wp\/v2\/pages\/30\/revisions"}],"predecessor-version":[{"id":506,"href":"https:\/\/menuhat-olam.org\/fr\/wp-json\/wp\/v2\/pages\/30\/revisions\/506"}],"up":[{"embeddable":true,"href":"https:\/\/menuhat-olam.org\/fr\/wp-json\/wp\/v2\/pages\/14"}],"wp:attachment":[{"href":"https:\/\/menuhat-olam.org\/fr\/wp-json\/wp\/v2\/media?parent=30"}],"curies":[{"name":"wp","href":"https:\/\/api.w.org\/{rel}","templated":true}]}}