{"id":426,"date":"2016-09-14T19:57:15","date_gmt":"2016-09-14T16:57:15","guid":{"rendered":"https:\/\/menuhat-olam.org\/?page_id=426"},"modified":"2017-10-10T20:45:19","modified_gmt":"2017-10-10T17:45:19","slug":"%d7%97%d7%9c%d7%a7%d7%aa-%d7%a7%d7%91%d7%a8-%d7%9c%d7%9e%d7%9b%d7%99%d7%a8%d7%94","status":"publish","type":"page","link":"https:\/\/menuhat-olam.org\/fr\/%d7%9e%d7%99%d7%93%d7%a2-%d7%9c%d7%9e%d7%a9%d7%a4%d7%97%d7%95%d7%aa\/%d7%97%d7%9c%d7%a7%d7%aa-%d7%a7%d7%91%d7%a8-%d7%9c%d7%9e%d7%9b%d7%99%d7%a8%d7%94\/","title":{"rendered":"(\u05e2\u05d1\u05e8\u05d9\u05ea) \u05d7\u05dc\u05e7\u05ea \u05e7\u05d1\u05e8 \u05dc\u05de\u05db\u05d9\u05e8\u05d4"},"content":{"rendered":"<p class=\"qtranxs-available-languages-message qtranxs-available-languages-message-fr\">D\u00e9sol\u00e9, cet article est seulement disponible en <a href=\"https:\/\/menuhat-olam.org\/he\/wp-json\/wp\/v2\/pages\/426\" class=\"qtranxs-available-language-link qtranxs-available-language-link-he\" title=\"\u05e2\u05d1\u05e8\u05d9\u05ea\">H\u00e9breu<\/a>.<\/p>","protected":false},"excerpt":{"rendered":"<p>D\u00e9sol\u00e9, cet article est seulement disponible en H\u00e9breu.<\/p>\n","protected":false},"author":1,"featured_media":0,"parent":14,"menu_order":3,"comment_status":"open","ping_status":"closed","template":"","meta":{"footnotes":""},"yoast_head":"<!-- This site is optimized with the Yoast SEO plugin v23.5 - https:\/\/yoast.com\/wordpress\/plugins\/seo\/ -->\n<title>(\u05e2\u05d1\u05e8\u05d9\u05ea) \u05d7\u05dc\u05e7\u05ea \u05e7\u05d1\u05e8 \u05dc\u05de\u05db\u05d9\u05e8\u05d4 - \u05de\u05e0\u05d5\u05d7\u05ea \u05e2\u05d5\u05dc\u05dd<\/title>\n<meta name=\"robots\" content=\"index, follow, max-snippet:-1, max-image-preview:large, max-video-preview:-1\" \/>\n<link rel=\"canonical\" href=\"https:\/\/menuhat-olam.org\/fr\/\u05de\u05d9\u05d3\u05e2-\u05dc\u05de\u05e9\u05e4\u05d7\u05d5\u05ea\/\u05d7\u05dc\u05e7\u05ea-\u05e7\u05d1\u05e8-\u05dc\u05de\u05db\u05d9\u05e8\u05d4\/\" \/>\n<meta property=\"og:locale\" content=\"fr_FR\" \/>\n<meta property=\"og:type\" content=\"article\" \/>\n<meta property=\"og:title\" content=\"(\u05e2\u05d1\u05e8\u05d9\u05ea) \u05d7\u05dc\u05e7\u05ea \u05e7\u05d1\u05e8 \u05dc\u05de\u05db\u05d9\u05e8\u05d4 - \u05de\u05e0\u05d5\u05d7\u05ea \u05e2\u05d5\u05dc\u05dd\" \/>\n<meta property=\"og:description\" content=\"D\u00e9sol\u00e9, cet article est seulement disponible en H\u00e9breu.\" \/>\n<meta property=\"og:url\" content=\"https:\/\/menuhat-olam.org\/fr\/\u05de\u05d9\u05d3\u05e2-\u05dc\u05de\u05e9\u05e4\u05d7\u05d5\u05ea\/\u05d7\u05dc\u05e7\u05ea-\u05e7\u05d1\u05e8-\u05dc\u05de\u05db\u05d9\u05e8\u05d4\/\" \/>\n<meta property=\"og:site_name\" content=\"\u05de\u05e0\u05d5\u05d7\u05ea \u05e2\u05d5\u05dc\u05dd\" \/>\n<meta property=\"article:modified_time\" content=\"2017-10-10T17:45:19+00:00\" \/>\n<meta name=\"twitter:card\" content=\"summary_large_image\" \/>\n<script type=\"application\/ld+json\" class=\"yoast-schema-graph\">{\"@context\":\"https:\/\/schema.org\",\"@graph\":[{\"@type\":\"WebPage\",\"@id\":\"https:\/\/menuhat-olam.org\/fr\/%d7%9e%d7%99%d7%93%d7%a2-%d7%9c%d7%9e%d7%a9%d7%a4%d7%97%d7%95%d7%aa\/%d7%97%d7%9c%d7%a7%d7%aa-%d7%a7%d7%91%d7%a8-%d7%9c%d7%9e%d7%9b%d7%99%d7%a8%d7%94\/\",\"url\":\"https:\/\/menuhat-olam.org\/fr\/%d7%9e%d7%99%d7%93%d7%a2-%d7%9c%d7%9e%d7%a9%d7%a4%d7%97%d7%95%d7%aa\/%d7%97%d7%9c%d7%a7%d7%aa-%d7%a7%d7%91%d7%a8-%d7%9c%d7%9e%d7%9b%d7%99%d7%a8%d7%94\/\",\"name\":\"(\u05e2\u05d1\u05e8\u05d9\u05ea) \u05d7\u05dc\u05e7\u05ea \u05e7\u05d1\u05e8 \u05dc\u05de\u05db\u05d9\u05e8\u05d4 - \u05de\u05e0\u05d5\u05d7\u05ea \u05e2\u05d5\u05dc\u05dd\",\"isPartOf\":{\"@id\":\"https:\/\/menuhat-olam.org\/fr\/#website\"},\"datePublished\":\"2016-09-14T16:57:15+00:00\",\"dateModified\":\"2017-10-10T17:45:19+00:00\",\"breadcrumb\":{\"@id\":\"https:\/\/menuhat-olam.org\/fr\/%d7%9e%d7%99%d7%93%d7%a2-%d7%9c%d7%9e%d7%a9%d7%a4%d7%97%d7%95%d7%aa\/%d7%97%d7%9c%d7%a7%d7%aa-%d7%a7%d7%91%d7%a8-%d7%9c%d7%9e%d7%9b%d7%99%d7%a8%d7%94\/#breadcrumb\"},\"inLanguage\":\"fr-FR\",\"potentialAction\":[{\"@type\":\"ReadAction\",\"target\":[[\"https:\/\/menuhat-olam.org\/fr\/%d7%9e%d7%99%d7%93%d7%a2-%d7%9c%d7%9e%d7%a9%d7%a4%d7%97%d7%95%d7%aa\/%d7%97%d7%9c%d7%a7%d7%aa-%d7%a7%d7%91%d7%a8-%d7%9c%d7%9e%d7%9b%d7%99%d7%a8%d7%94\/\"]]}]},{\"@type\":\"BreadcrumbList\",\"@id\":\"https:\/\/menuhat-olam.org\/fr\/%d7%9e%d7%99%d7%93%d7%a2-%d7%9c%d7%9e%d7%a9%d7%a4%d7%97%d7%95%d7%aa\/%d7%97%d7%9c%d7%a7%d7%aa-%d7%a7%d7%91%d7%a8-%d7%9c%d7%9e%d7%9b%d7%99%d7%a8%d7%94\/#breadcrumb\",\"itemListElement\":[{\"@type\":\"ListItem\",\"position\":1,\"name\":\"Home\",\"item\":\"https:\/\/menuhat-olam.org\/fr\/\"},{\"@type\":\"ListItem\",\"position\":2,\"name\":\"Aux Familles\",\"item\":\"https:\/\/menuhat-olam.org\/fr\/%d7%9e%d7%99%d7%93%d7%a2-%d7%9c%d7%9e%d7%a9%d7%a4%d7%97%d7%95%d7%aa\/\"},{\"@type\":\"ListItem\",\"position\":3,\"name\":\"(\u05e2\u05d1\u05e8\u05d9\u05ea) \u05d7\u05dc\u05e7\u05ea \u05e7\u05d1\u05e8 \u05dc\u05de\u05db\u05d9\u05e8\u05d4\"}]},{\"@type\":\"WebSite\",\"@id\":\"https:\/\/menuhat-olam.org\/fr\/#website\",\"url\":\"https:\/\/menuhat-olam.org\/fr\/\",\"name\":\"\u05de\u05e0\u05d5\u05d7\u05ea \u05e2\u05d5\u05dc\u05dd\",\"description\":\"\u05d1\u05d9\u05ea \u05d4\u05e2\u05dc\u05de\u05d9\u05df \u05d4\u05d0\u05dc\u05d8\u05e8\u05e0\u05d8\u05d9\u05d1\u05d9 \u05d1\u05e0\u05ea\u05e0\u05d9\u05d4\",\"potentialAction\":[{\"@type\":\"SearchAction\",\"target\":{\"@type\":\"EntryPoint\",\"urlTemplate\":\"https:\/\/menuhat-olam.org\/fr\/?s={search_term_string}\"},\"query-input\":{\"@type\":\"PropertyValueSpecification\",\"valueRequired\":true,\"valueName\":\"search_term_string\"}}],\"inLanguage\":\"fr-FR\"}]}<\/script>\n<!-- \/ Yoast SEO plugin. -->","yoast_head_json":{"title":"(\u05e2\u05d1\u05e8\u05d9\u05ea) \u05d7\u05dc\u05e7\u05ea \u05e7\u05d1\u05e8 \u05dc\u05de\u05db\u05d9\u05e8\u05d4 - \u05de\u05e0\u05d5\u05d7\u05ea \u05e2\u05d5\u05dc\u05dd","robots":{"index":"index","follow":"follow","max-snippet":"max-snippet:-1","max-image-preview":"max-image-preview:large","max-video-preview":"max-video-preview:-1"},"canonical":"https:\/\/menuhat-olam.org\/fr\/\u05de\u05d9\u05d3\u05e2-\u05dc\u05de\u05e9\u05e4\u05d7\u05d5\u05ea\/\u05d7\u05dc\u05e7\u05ea-\u05e7\u05d1\u05e8-\u05dc\u05de\u05db\u05d9\u05e8\u05d4\/","og_locale":"fr_FR","og_type":"article","og_title":"(\u05e2\u05d1\u05e8\u05d9\u05ea) \u05d7\u05dc\u05e7\u05ea \u05e7\u05d1\u05e8 \u05dc\u05de\u05db\u05d9\u05e8\u05d4 - \u05de\u05e0\u05d5\u05d7\u05ea \u05e2\u05d5\u05dc\u05dd","og_description":"D\u00e9sol\u00e9, cet article est seulement disponible en H\u00e9breu.","og_url":"https:\/\/menuhat-olam.org\/fr\/\u05de\u05d9\u05d3\u05e2-\u05dc\u05de\u05e9\u05e4\u05d7\u05d5\u05ea\/\u05d7\u05dc\u05e7\u05ea-\u05e7\u05d1\u05e8-\u05dc\u05de\u05db\u05d9\u05e8\u05d4\/","og_site_name":"\u05de\u05e0\u05d5\u05d7\u05ea \u05e2\u05d5\u05dc\u05dd","article_modified_time":"2017-10-10T17:45:19+00:00","twitter_card":"summary_large_image","schema":{"@context":"https:\/\/schema.org","@graph":[{"@type":"WebPage","@id":"https:\/\/menuhat-olam.org\/fr\/%d7%9e%d7%99%d7%93%d7%a2-%d7%9c%d7%9e%d7%a9%d7%a4%d7%97%d7%95%d7%aa\/%d7%97%d7%9c%d7%a7%d7%aa-%d7%a7%d7%91%d7%a8-%d7%9c%d7%9e%d7%9b%d7%99%d7%a8%d7%94\/","url":"https:\/\/menuhat-olam.org\/fr\/%d7%9e%d7%99%d7%93%d7%a2-%d7%9c%d7%9e%d7%a9%d7%a4%d7%97%d7%95%d7%aa\/%d7%97%d7%9c%d7%a7%d7%aa-%d7%a7%d7%91%d7%a8-%d7%9c%d7%9e%d7%9b%d7%99%d7%a8%d7%94\/","name":"(\u05e2\u05d1\u05e8\u05d9\u05ea) \u05d7\u05dc\u05e7\u05ea \u05e7\u05d1\u05e8 \u05dc\u05de\u05db\u05d9\u05e8\u05d4 - \u05de\u05e0\u05d5\u05d7\u05ea \u05e2\u05d5\u05dc\u05dd","isPartOf":{"@id":"https:\/\/menuhat-olam.org\/fr\/#website"},"datePublished":"2016-09-14T16:57:15+00:00","dateModified":"2017-10-10T17:45:19+00:00","breadcrumb":{"@id":"https:\/\/menuhat-olam.org\/fr\/%d7%9e%d7%99%d7%93%d7%a2-%d7%9c%d7%9e%d7%a9%d7%a4%d7%97%d7%95%d7%aa\/%d7%97%d7%9c%d7%a7%d7%aa-%d7%a7%d7%91%d7%a8-%d7%9c%d7%9e%d7%9b%d7%99%d7%a8%d7%94\/#breadcrumb"},"inLanguage":"fr-FR","potentialAction":[{"@type":"ReadAction","target":[["https:\/\/menuhat-olam.org\/fr\/%d7%9e%d7%99%d7%93%d7%a2-%d7%9c%d7%9e%d7%a9%d7%a4%d7%97%d7%95%d7%aa\/%d7%97%d7%9c%d7%a7%d7%aa-%d7%a7%d7%91%d7%a8-%d7%9c%d7%9e%d7%9b%d7%99%d7%a8%d7%94\/"]]}]},{"@type":"BreadcrumbList","@id":"https:\/\/menuhat-olam.org\/fr\/%d7%9e%d7%99%d7%93%d7%a2-%d7%9c%d7%9e%d7%a9%d7%a4%d7%97%d7%95%d7%aa\/%d7%97%d7%9c%d7%a7%d7%aa-%d7%a7%d7%91%d7%a8-%d7%9c%d7%9e%d7%9b%d7%99%d7%a8%d7%94\/#breadcrumb","itemListElement":[{"@type":"ListItem","position":1,"name":"Home","item":"https:\/\/menuhat-olam.org\/fr\/"},{"@type":"ListItem","position":2,"name":"Aux Familles","item":"https:\/\/menuhat-olam.org\/fr\/%d7%9e%d7%99%d7%93%d7%a2-%d7%9c%d7%9e%d7%a9%d7%a4%d7%97%d7%95%d7%aa\/"},{"@type":"ListItem","position":3,"name":"(\u05e2\u05d1\u05e8\u05d9\u05ea) \u05d7\u05dc\u05e7\u05ea \u05e7\u05d1\u05e8 \u05dc\u05de\u05db\u05d9\u05e8\u05d4"}]},{"@type":"WebSite","@id":"https:\/\/menuhat-olam.org\/fr\/#website","url":"https:\/\/menuhat-olam.org\/fr\/","name":"\u05de\u05e0\u05d5\u05d7\u05ea \u05e2\u05d5\u05dc\u05dd","description":"\u05d1\u05d9\u05ea \u05d4\u05e2\u05dc\u05de\u05d9\u05df \u05d4\u05d0\u05dc\u05d8\u05e8\u05e0\u05d8\u05d9\u05d1\u05d9 \u05d1\u05e0\u05ea\u05e0\u05d9\u05d4","potentialAction":[{"@type":"SearchAction","target":{"@type":"EntryPoint","urlTemplate":"https:\/\/menuhat-olam.org\/fr\/?s={search_term_string}"},"query-input":{"@type":"PropertyValueSpecification","valueRequired":true,"valueName":"search_term_string"}}],"inLanguage":"fr-FR"}]}},"_links":{"self":[{"href":"https:\/\/menuhat-olam.org\/fr\/wp-json\/wp\/v2\/pages\/426"}],"collection":[{"href":"https:\/\/menuhat-olam.org\/fr\/wp-json\/wp\/v2\/pages"}],"about":[{"href":"https:\/\/menuhat-olam.org\/fr\/wp-json\/wp\/v2\/types\/page"}],"author":[{"embeddable":true,"href":"https:\/\/menuhat-olam.org\/fr\/wp-json\/wp\/v2\/users\/1"}],"replies":[{"embeddable":true,"href":"https:\/\/menuhat-olam.org\/fr\/wp-json\/wp\/v2\/comments?post=426"}],"version-history":[{"count":6,"href":"https:\/\/menuhat-olam.org\/fr\/wp-json\/wp\/v2\/pages\/426\/revisions"}],"predecessor-version":[{"id":477,"href":"https:\/\/menuhat-olam.org\/fr\/wp-json\/wp\/v2\/pages\/426\/revisions\/477"}],"up":[{"embeddable":true,"href":"https:\/\/menuhat-olam.org\/fr\/wp-json\/wp\/v2\/pages\/14"}],"wp:attachment":[{"href":"https:\/\/menuhat-olam.org\/fr\/wp-json\/wp\/v2\/media?parent=426"}],"curies":[{"name":"wp","href":"https:\/\/api.w.org\/{rel}","templated":true}]}}