{"id":5,"date":"2015-01-08T21:50:39","date_gmt":"2015-01-08T19:50:39","guid":{"rendered":"http:\/\/dicemarketing.co.il\/menuhat\/?page_id=5"},"modified":"2022-03-08T22:25:06","modified_gmt":"2022-03-08T20:25:06","slug":"%d7%90%d7%95%d7%93%d7%95%d7%aa-%d7%9e%d7%a0%d7%95%d7%97%d7%aa-%d7%a2%d7%95%d7%9c%d7%9d","status":"publish","type":"page","link":"https:\/\/menuhat-olam.org\/fr\/%d7%90%d7%95%d7%93%d7%95%d7%aa-%d7%9e%d7%a0%d7%95%d7%97%d7%aa-%d7%a2%d7%95%d7%9c%d7%9d\/","title":{"rendered":"Environ"},"content":{"rendered":"<p><\/p>\n<p style=\"text-align: left;\">.Menuhat olam est un coop\u00e9ratif d\u2019inhumation d\u00e9tenteur d\u2019un permis d\u2019inhumation civile alternative<\/p>\n<p style=\"text-align: left;\">La c\u00e9r\u00e9monie fun\u00e9raire est un \u00e9v\u00e8nement dur \u00e0 subir aux familles et aux proches. Ce pour cela que nous \u0153uvrons donc par compr\u00e9hension de l\u2019importance que peut avoir l\u2019adaptation de ce moment aux sp\u00e9cificit\u00e9s propres \u00e0 chaque famille. En effet, nous consid\u00e9rons que permettre \u00e0 chacun et chacune de se s\u00e9parer de ses proches dans la mani\u00e8re qui lui semble la meilleure et selon ses choix et convictions, est une valeur en soi.<\/p>\n<p style=\"text-align: left;\">Notre vision a ses racine dans un engagement de longue date aupr\u00e8s de la communaut\u00e9 des habitants de Natanya et les villes du Sharon, dans l\u2019objectif de permettre \u00e0 l\u2019ensemble de ses membres de r\u00e9aliser leur droit \u00e0 une inhumation respectueuse, en choisissant comment ses bien-aim\u00e9s soient enterr\u00e9s et comm\u00e9mor\u00e9s.<br \/>\nNous agissons par une r\u00e9elle connaissance et respect pour l\u2019\u00e9quilibre entre les droits de chacun et la prise en compte du caract\u00e8re et des valeurs traditionnelles des habitants de Natanya. Le cimeti\u00e8re Menuhat Olam fonctionne selon le principe courant dans les cimeti\u00e8res en Isra\u00ebl, selon lequel les d\u00e9c\u00e9d\u00e9s qui ne peuvent pas avoir acc\u00e8s \u00e0 l\u2019inhumation dans un cimeti\u00e8re juif en raison de doute en ce qui concerne leur juda\u00eft\u00e9, ou les familles de ceux qui ont exprim\u00e9 leur souhait d\u2019\u00eatre enterr\u00e9 selon leur propres convictions, sont invit\u00e9s \u00e0 contacter Menuhat Olam afin de b\u00e9n\u00e9ficier de (services de inhumation civile en Isra\u00ebl).<\/p>\n<p style=\"text-align: left;\">Menuhat Olam est un petit cimeti\u00e8re d\u2019un caract\u00e8 intime et villageois \u00e0 Natanya. A Menuhat Olam, une grande attention est prot\u00e9e sur la qualit\u00e9 de services paysagers et de l\u2019entretien. Le cimeti\u00e8re est con\u00e7u comme un jardin, et localis\u00e9 entre champs et vergers, il fond discr\u00e8tement dans son environnement. La superficie du cimeti\u00e8re n\u2019est que de 0,6 ha et il est divis\u00e9 en trois sections \u2013 juive, non-juive et mixte \u2013 selon la vision et le choix de d\u00e9c\u00e8s.<br \/>\nLe cimeti\u00e8re avoisine le cimeti\u00e8r e de Shkun Vatikim \u00e0 Natanya, et son entr\u00e9e est situ\u00e9e dans la rue Beney Vav Reich.<\/p>\n<p style=\"direction: ltr; text-align: justify;\"><\/p>\n<p style=\"direction: ltr; text-align: justify;\"><\/p>\n<p style=\"direction: ltr; text-align: justify;\"><\/p>\n<p><\/p>\n<p><\/p>","protected":false},"excerpt":{"rendered":"<p>.Menuhat olam est un coop\u00e9ratif d\u2019inhumation d\u00e9tenteur d\u2019un permis d\u2019inhumation civile alternative La c\u00e9r\u00e9monie fun\u00e9raire est un \u00e9v\u00e8nement dur \u00e0 subir aux familles et aux proches. Ce pour cela que nous \u0153uvrons donc par compr\u00e9hension de l\u2019importance que peut avoir l\u2019adaptation de ce moment aux sp\u00e9cificit\u00e9s propres \u00e0 chaque famille. En effet, nous consid\u00e9rons que &hellip; <a href=\"https:\/\/menuhat-olam.org\/fr\/%d7%90%d7%95%d7%93%d7%95%d7%aa-%d7%9e%d7%a0%d7%95%d7%97%d7%aa-%d7%a2%d7%95%d7%9c%d7%9d\/\" class=\"more-link\">Continuer la lecture de <span class=\"screen-reader-text\">Environ<\/span> <span class=\"meta-nav\">&rarr;<\/span><\/a><\/p>\n","protected":false},"author":1,"featured_media":68,"parent":0,"menu_order":0,"comment_status":"closed","ping_status":"closed","template":"about.php","meta":{"footnotes":""},"yoast_head":"<!-- This site is optimized with the Yoast SEO plugin v23.5 - https:\/\/yoast.com\/wordpress\/plugins\/seo\/ -->\n<title>\u05d0\u05d5\u05d3\u05d5\u05ea | \u05de\u05e0\u05d5\u05d7\u05ea \u05e2\u05d5\u05dc\u05dd<\/title>\n<meta name=\"description\" content=\"\u05d0\u05d5\u05d3\u05d5\u05ea \u05de\u05e0\u05d5\u05d7\u05ea \u05e2\u05d5\u05dc\u05dd: \u05de\u05e0\u05d5\u05d7\u05ea \u05e2\u05d5\u05dc\u05dd \u05d4\u05d9\u05e0\u05d5 \u05ea\u05d0\u05d2\u05d9\u05d3 \u05e7\u05d1\u05d5\u05e8\u05d4 \u05d4\u05de\u05d7\u05d6\u05d9\u05e7 \u05d1\u05e8\u05d9\u05e9\u05d9\u05d5\u05df \u05e7\u05d1\u05d5\u05e8\u05d4 \u05d0\u05d6\u05e8\u05d7\u05d9\u05ea \u05d7\u05dc\u05d5\u05e4\u05d9\u05ea.\" \/>\n<meta name=\"robots\" content=\"index, follow, max-snippet:-1, max-image-preview:large, max-video-preview:-1\" \/>\n<link rel=\"canonical\" href=\"https:\/\/menuhat-olam.org\/fr\/\u05d0\u05d5\u05d3\u05d5\u05ea-\u05de\u05e0\u05d5\u05d7\u05ea-\u05e2\u05d5\u05dc\u05dd\/\" \/>\n<meta property=\"og:locale\" content=\"fr_FR\" \/>\n<meta property=\"og:type\" content=\"article\" \/>\n<meta property=\"og:title\" content=\"\u05d0\u05d5\u05d3\u05d5\u05ea | \u05de\u05e0\u05d5\u05d7\u05ea \u05e2\u05d5\u05dc\u05dd\" \/>\n<meta property=\"og:description\" content=\"\u05d0\u05d5\u05d3\u05d5\u05ea \u05de\u05e0\u05d5\u05d7\u05ea \u05e2\u05d5\u05dc\u05dd: \u05de\u05e0\u05d5\u05d7\u05ea \u05e2\u05d5\u05dc\u05dd \u05d4\u05d9\u05e0\u05d5 \u05ea\u05d0\u05d2\u05d9\u05d3 \u05e7\u05d1\u05d5\u05e8\u05d4 \u05d4\u05de\u05d7\u05d6\u05d9\u05e7 \u05d1\u05e8\u05d9\u05e9\u05d9\u05d5\u05df \u05e7\u05d1\u05d5\u05e8\u05d4 \u05d0\u05d6\u05e8\u05d7\u05d9\u05ea \u05d7\u05dc\u05d5\u05e4\u05d9\u05ea.\" \/>\n<meta property=\"og:url\" content=\"https:\/\/menuhat-olam.org\/fr\/\u05d0\u05d5\u05d3\u05d5\u05ea-\u05de\u05e0\u05d5\u05d7\u05ea-\u05e2\u05d5\u05dc\u05dd\/\" \/>\n<meta property=\"og:site_name\" content=\"\u05de\u05e0\u05d5\u05d7\u05ea \u05e2\u05d5\u05dc\u05dd\" \/>\n<meta property=\"article:modified_time\" content=\"2022-03-08T20:25:06+00:00\" \/>\n<meta property=\"og:image\" content=\"https:\/\/menuhat-olam.org\/wp-content\/uploads\/2015\/01\/shutterstock_98177075-1024x1024.jpg\" \/>\n\t<meta property=\"og:image:width\" content=\"1024\" \/>\n\t<meta property=\"og:image:height\" content=\"1024\" \/>\n\t<meta property=\"og:image:type\" content=\"image\/jpeg\" \/>\n<meta name=\"twitter:card\" content=\"summary_large_image\" \/>\n<meta name=\"twitter:label1\" content=\"Dur\u00e9e de lecture estim\u00e9e\" \/>\n\t<meta name=\"twitter:data1\" content=\"2 minutes\" \/>\n<script type=\"application\/ld+json\" class=\"yoast-schema-graph\">{\"@context\":\"https:\/\/schema.org\",\"@graph\":[{\"@type\":\"WebPage\",\"@id\":\"https:\/\/menuhat-olam.org\/fr\/%d7%90%d7%95%d7%93%d7%95%d7%aa-%d7%9e%d7%a0%d7%95%d7%97%d7%aa-%d7%a2%d7%95%d7%9c%d7%9d\/\",\"url\":\"https:\/\/menuhat-olam.org\/fr\/%d7%90%d7%95%d7%93%d7%95%d7%aa-%d7%9e%d7%a0%d7%95%d7%97%d7%aa-%d7%a2%d7%95%d7%9c%d7%9d\/\",\"name\":\"\u05d0\u05d5\u05d3\u05d5\u05ea | \u05de\u05e0\u05d5\u05d7\u05ea \u05e2\u05d5\u05dc\u05dd\",\"isPartOf\":{\"@id\":\"https:\/\/menuhat-olam.org\/fr\/#website\"},\"primaryImageOfPage\":{\"@id\":\"https:\/\/menuhat-olam.org\/fr\/%d7%90%d7%95%d7%93%d7%95%d7%aa-%d7%9e%d7%a0%d7%95%d7%97%d7%aa-%d7%a2%d7%95%d7%9c%d7%9d\/#primaryimage\"},\"image\":{\"@id\":\"https:\/\/menuhat-olam.org\/%d7%90%d7%95%d7%93%d7%95%d7%aa-%d7%9e%d7%a0%d7%95%d7%97%d7%aa-%d7%a2%d7%95%d7%9c%d7%9d\/#primaryimage\"},\"thumbnailUrl\":\"https:\/\/menuhat-olam.org\/wp-content\/uploads\/2015\/01\/shutterstock_98177075.jpg\",\"datePublished\":\"2015-01-08T19:50:39+00:00\",\"dateModified\":\"2022-03-08T20:25:06+00:00\",\"description\":\"\u05d0\u05d5\u05d3\u05d5\u05ea \u05de\u05e0\u05d5\u05d7\u05ea \u05e2\u05d5\u05dc\u05dd: \u05de\u05e0\u05d5\u05d7\u05ea \u05e2\u05d5\u05dc\u05dd \u05d4\u05d9\u05e0\u05d5 \u05ea\u05d0\u05d2\u05d9\u05d3 \u05e7\u05d1\u05d5\u05e8\u05d4 \u05d4\u05de\u05d7\u05d6\u05d9\u05e7 \u05d1\u05e8\u05d9\u05e9\u05d9\u05d5\u05df \u05e7\u05d1\u05d5\u05e8\u05d4 \u05d0\u05d6\u05e8\u05d7\u05d9\u05ea \u05d7\u05dc\u05d5\u05e4\u05d9\u05ea.\",\"breadcrumb\":{\"@id\":\"https:\/\/menuhat-olam.org\/fr\/%d7%90%d7%95%d7%93%d7%95%d7%aa-%d7%9e%d7%a0%d7%95%d7%97%d7%aa-%d7%a2%d7%95%d7%9c%d7%9d\/#breadcrumb\"},\"inLanguage\":\"fr-FR\",\"potentialAction\":[{\"@type\":\"ReadAction\",\"target\":[[\"https:\/\/menuhat-olam.org\/fr\/%d7%90%d7%95%d7%93%d7%95%d7%aa-%d7%9e%d7%a0%d7%95%d7%97%d7%aa-%d7%a2%d7%95%d7%9c%d7%9d\/\"]]}]},{\"@type\":\"ImageObject\",\"inLanguage\":\"fr-FR\",\"@id\":\"https:\/\/menuhat-olam.org\/fr\/%d7%90%d7%95%d7%93%d7%95%d7%aa-%d7%9e%d7%a0%d7%95%d7%97%d7%aa-%d7%a2%d7%95%d7%9c%d7%9d\/#primaryimage\",\"url\":\"https:\/\/menuhat-olam.org\/wp-content\/uploads\/2015\/01\/shutterstock_98177075.jpg\",\"contentUrl\":\"https:\/\/menuhat-olam.org\/wp-content\/uploads\/2015\/01\/shutterstock_98177075.jpg\",\"width\":2832,\"height\":2832},{\"@type\":\"BreadcrumbList\",\"@id\":\"https:\/\/menuhat-olam.org\/fr\/%d7%90%d7%95%d7%93%d7%95%d7%aa-%d7%9e%d7%a0%d7%95%d7%97%d7%aa-%d7%a2%d7%95%d7%9c%d7%9d\/#breadcrumb\",\"itemListElement\":[{\"@type\":\"ListItem\",\"position\":1,\"name\":\"Home\",\"item\":\"https:\/\/menuhat-olam.org\/fr\/\"},{\"@type\":\"ListItem\",\"position\":2,\"name\":\"Environ\"}]},{\"@type\":\"WebSite\",\"@id\":\"https:\/\/menuhat-olam.org\/fr\/#website\",\"url\":\"https:\/\/menuhat-olam.org\/fr\/\",\"name\":\"\u05de\u05e0\u05d5\u05d7\u05ea \u05e2\u05d5\u05dc\u05dd\",\"description\":\"\u05d1\u05d9\u05ea \u05d4\u05e2\u05dc\u05de\u05d9\u05df \u05d4\u05d0\u05dc\u05d8\u05e8\u05e0\u05d8\u05d9\u05d1\u05d9 \u05d1\u05e0\u05ea\u05e0\u05d9\u05d4\",\"potentialAction\":[{\"@type\":\"SearchAction\",\"target\":{\"@type\":\"EntryPoint\",\"urlTemplate\":\"https:\/\/menuhat-olam.org\/fr\/?s={search_term_string}\"},\"query-input\":{\"@type\":\"PropertyValueSpecification\",\"valueRequired\":true,\"valueName\":\"search_term_string\"}}],\"inLanguage\":\"fr-FR\"}]}<\/script>\n<!-- \/ Yoast SEO plugin. -->","yoast_head_json":{"title":"\u05d0\u05d5\u05d3\u05d5\u05ea | \u05de\u05e0\u05d5\u05d7\u05ea \u05e2\u05d5\u05dc\u05dd","description":"\u05d0\u05d5\u05d3\u05d5\u05ea \u05de\u05e0\u05d5\u05d7\u05ea \u05e2\u05d5\u05dc\u05dd: \u05de\u05e0\u05d5\u05d7\u05ea \u05e2\u05d5\u05dc\u05dd \u05d4\u05d9\u05e0\u05d5 \u05ea\u05d0\u05d2\u05d9\u05d3 \u05e7\u05d1\u05d5\u05e8\u05d4 \u05d4\u05de\u05d7\u05d6\u05d9\u05e7 \u05d1\u05e8\u05d9\u05e9\u05d9\u05d5\u05df \u05e7\u05d1\u05d5\u05e8\u05d4 \u05d0\u05d6\u05e8\u05d7\u05d9\u05ea \u05d7\u05dc\u05d5\u05e4\u05d9\u05ea.","robots":{"index":"index","follow":"follow","max-snippet":"max-snippet:-1","max-image-preview":"max-image-preview:large","max-video-preview":"max-video-preview:-1"},"canonical":"https:\/\/menuhat-olam.org\/fr\/\u05d0\u05d5\u05d3\u05d5\u05ea-\u05de\u05e0\u05d5\u05d7\u05ea-\u05e2\u05d5\u05dc\u05dd\/","og_locale":"fr_FR","og_type":"article","og_title":"\u05d0\u05d5\u05d3\u05d5\u05ea | \u05de\u05e0\u05d5\u05d7\u05ea \u05e2\u05d5\u05dc\u05dd","og_description":"\u05d0\u05d5\u05d3\u05d5\u05ea \u05de\u05e0\u05d5\u05d7\u05ea \u05e2\u05d5\u05dc\u05dd: \u05de\u05e0\u05d5\u05d7\u05ea \u05e2\u05d5\u05dc\u05dd \u05d4\u05d9\u05e0\u05d5 \u05ea\u05d0\u05d2\u05d9\u05d3 \u05e7\u05d1\u05d5\u05e8\u05d4 \u05d4\u05de\u05d7\u05d6\u05d9\u05e7 \u05d1\u05e8\u05d9\u05e9\u05d9\u05d5\u05df \u05e7\u05d1\u05d5\u05e8\u05d4 \u05d0\u05d6\u05e8\u05d7\u05d9\u05ea \u05d7\u05dc\u05d5\u05e4\u05d9\u05ea.","og_url":"https:\/\/menuhat-olam.org\/fr\/\u05d0\u05d5\u05d3\u05d5\u05ea-\u05de\u05e0\u05d5\u05d7\u05ea-\u05e2\u05d5\u05dc\u05dd\/","og_site_name":"\u05de\u05e0\u05d5\u05d7\u05ea \u05e2\u05d5\u05dc\u05dd","article_modified_time":"2022-03-08T20:25:06+00:00","og_image":[{"width":1024,"height":1024,"url":"https:\/\/menuhat-olam.org\/wp-content\/uploads\/2015\/01\/shutterstock_98177075-1024x1024.jpg","type":"image\/jpeg"}],"twitter_card":"summary_large_image","twitter_misc":{"Dur\u00e9e de lecture estim\u00e9e":"2 minutes"},"schema":{"@context":"https:\/\/schema.org","@graph":[{"@type":"WebPage","@id":"https:\/\/menuhat-olam.org\/fr\/%d7%90%d7%95%d7%93%d7%95%d7%aa-%d7%9e%d7%a0%d7%95%d7%97%d7%aa-%d7%a2%d7%95%d7%9c%d7%9d\/","url":"https:\/\/menuhat-olam.org\/fr\/%d7%90%d7%95%d7%93%d7%95%d7%aa-%d7%9e%d7%a0%d7%95%d7%97%d7%aa-%d7%a2%d7%95%d7%9c%d7%9d\/","name":"\u05d0\u05d5\u05d3\u05d5\u05ea | \u05de\u05e0\u05d5\u05d7\u05ea \u05e2\u05d5\u05dc\u05dd","isPartOf":{"@id":"https:\/\/menuhat-olam.org\/fr\/#website"},"primaryImageOfPage":{"@id":"https:\/\/menuhat-olam.org\/fr\/%d7%90%d7%95%d7%93%d7%95%d7%aa-%d7%9e%d7%a0%d7%95%d7%97%d7%aa-%d7%a2%d7%95%d7%9c%d7%9d\/#primaryimage"},"image":{"@id":"https:\/\/menuhat-olam.org\/%d7%90%d7%95%d7%93%d7%95%d7%aa-%d7%9e%d7%a0%d7%95%d7%97%d7%aa-%d7%a2%d7%95%d7%9c%d7%9d\/#primaryimage"},"thumbnailUrl":"https:\/\/menuhat-olam.org\/wp-content\/uploads\/2015\/01\/shutterstock_98177075.jpg","datePublished":"2015-01-08T19:50:39+00:00","dateModified":"2022-03-08T20:25:06+00:00","description":"\u05d0\u05d5\u05d3\u05d5\u05ea \u05de\u05e0\u05d5\u05d7\u05ea \u05e2\u05d5\u05dc\u05dd: \u05de\u05e0\u05d5\u05d7\u05ea \u05e2\u05d5\u05dc\u05dd \u05d4\u05d9\u05e0\u05d5 \u05ea\u05d0\u05d2\u05d9\u05d3 \u05e7\u05d1\u05d5\u05e8\u05d4 \u05d4\u05de\u05d7\u05d6\u05d9\u05e7 \u05d1\u05e8\u05d9\u05e9\u05d9\u05d5\u05df \u05e7\u05d1\u05d5\u05e8\u05d4 \u05d0\u05d6\u05e8\u05d7\u05d9\u05ea \u05d7\u05dc\u05d5\u05e4\u05d9\u05ea.","breadcrumb":{"@id":"https:\/\/menuhat-olam.org\/fr\/%d7%90%d7%95%d7%93%d7%95%d7%aa-%d7%9e%d7%a0%d7%95%d7%97%d7%aa-%d7%a2%d7%95%d7%9c%d7%9d\/#breadcrumb"},"inLanguage":"fr-FR","potentialAction":[{"@type":"ReadAction","target":[["https:\/\/menuhat-olam.org\/fr\/%d7%90%d7%95%d7%93%d7%95%d7%aa-%d7%9e%d7%a0%d7%95%d7%97%d7%aa-%d7%a2%d7%95%d7%9c%d7%9d\/"]]}]},{"@type":"ImageObject","inLanguage":"fr-FR","@id":"https:\/\/menuhat-olam.org\/fr\/%d7%90%d7%95%d7%93%d7%95%d7%aa-%d7%9e%d7%a0%d7%95%d7%97%d7%aa-%d7%a2%d7%95%d7%9c%d7%9d\/#primaryimage","url":"https:\/\/menuhat-olam.org\/wp-content\/uploads\/2015\/01\/shutterstock_98177075.jpg","contentUrl":"https:\/\/menuhat-olam.org\/wp-content\/uploads\/2015\/01\/shutterstock_98177075.jpg","width":2832,"height":2832},{"@type":"BreadcrumbList","@id":"https:\/\/menuhat-olam.org\/fr\/%d7%90%d7%95%d7%93%d7%95%d7%aa-%d7%9e%d7%a0%d7%95%d7%97%d7%aa-%d7%a2%d7%95%d7%9c%d7%9d\/#breadcrumb","itemListElement":[{"@type":"ListItem","position":1,"name":"Home","item":"https:\/\/menuhat-olam.org\/fr\/"},{"@type":"ListItem","position":2,"name":"Environ"}]},{"@type":"WebSite","@id":"https:\/\/menuhat-olam.org\/fr\/#website","url":"https:\/\/menuhat-olam.org\/fr\/","name":"\u05de\u05e0\u05d5\u05d7\u05ea \u05e2\u05d5\u05dc\u05dd","description":"\u05d1\u05d9\u05ea \u05d4\u05e2\u05dc\u05de\u05d9\u05df \u05d4\u05d0\u05dc\u05d8\u05e8\u05e0\u05d8\u05d9\u05d1\u05d9 \u05d1\u05e0\u05ea\u05e0\u05d9\u05d4","potentialAction":[{"@type":"SearchAction","target":{"@type":"EntryPoint","urlTemplate":"https:\/\/menuhat-olam.org\/fr\/?s={search_term_string}"},"query-input":{"@type":"PropertyValueSpecification","valueRequired":true,"valueName":"search_term_string"}}],"inLanguage":"fr-FR"}]}},"_links":{"self":[{"href":"https:\/\/menuhat-olam.org\/fr\/wp-json\/wp\/v2\/pages\/5"}],"collection":[{"href":"https:\/\/menuhat-olam.org\/fr\/wp-json\/wp\/v2\/pages"}],"about":[{"href":"https:\/\/menuhat-olam.org\/fr\/wp-json\/wp\/v2\/types\/page"}],"author":[{"embeddable":true,"href":"https:\/\/menuhat-olam.org\/fr\/wp-json\/wp\/v2\/users\/1"}],"replies":[{"embeddable":true,"href":"https:\/\/menuhat-olam.org\/fr\/wp-json\/wp\/v2\/comments?post=5"}],"version-history":[{"count":100,"href":"https:\/\/menuhat-olam.org\/fr\/wp-json\/wp\/v2\/pages\/5\/revisions"}],"predecessor-version":[{"id":537,"href":"https:\/\/menuhat-olam.org\/fr\/wp-json\/wp\/v2\/pages\/5\/revisions\/537"}],"wp:featuredmedia":[{"embeddable":true,"href":"https:\/\/menuhat-olam.org\/fr\/wp-json\/wp\/v2\/media\/68"}],"wp:attachment":[{"href":"https:\/\/menuhat-olam.org\/fr\/wp-json\/wp\/v2\/media?parent=5"}],"curies":[{"name":"wp","href":"https:\/\/api.w.org\/{rel}","templated":true}]}}