{"id":8,"date":"2015-01-08T21:51:47","date_gmt":"2015-01-08T19:51:47","guid":{"rendered":"http:\/\/dicemarketing.co.il\/menuhat\/?page_id=8"},"modified":"2017-10-10T20:33:57","modified_gmt":"2017-10-10T17:33:57","slug":"%d7%94%d7%9c%d7%99%d7%9a-%d7%94%d7%a7%d7%91%d7%95%d7%a8%d7%94","status":"publish","type":"page","link":"https:\/\/menuhat-olam.org\/fr\/%d7%94%d7%9c%d7%99%d7%9a-%d7%94%d7%a7%d7%91%d7%95%d7%a8%d7%94\/","title":{"rendered":"La c\u00e9r\u00e9monie"},"content":{"rendered":"<p><\/p>\n<h2 style=\"text-align: left;\">Qu\u2019est-ce que une c\u00e9r\u00e9monie d\u2019enterrement\u00a0alternative<\/h2>\n<p style=\"text-align: left;\">La c\u00e9r\u00e9monie d\u2019inhumation civile est organis\u00e9e selon le souhait de la famille, ou, dans le cas o\u00f9 la personne d\u00e9c\u00e9d\u00e9e a exprim\u00e9 ses v\u0153ux, en accord avec ceux-ci. Il n\u2019y a aucune interdiction d\u2019inclure des \u00e9l\u00e9ments issus de rites religieux, ou m\u00eame, comme cela est demand\u00e9 de temps en temps, de conduire une c\u00e9r\u00e9monie qui respecterait les r\u00e8gles d\u2019un enterrement religieux. Tout mode de pr\u00e9paration du corps est envisageable, y compris la Tahara selon la Halacha. Par ailleurs, l\u2019emploi d\u2019un cercueil qui est exclu dans l\u2019enterrement juif, est possible dans l\u2019inhumation alternative : plusieurs prestataires de services, sp\u00e9cialis\u00e9s dans l\u2019organisation de c\u00e9r\u00e9monies d\u2019enterrement alternatives, proposent des gammes compl\u00e8tes de cercueil.<br \/>\nLes avantages \u00e0 organiser une c\u00e9r\u00e9monie en accord avec les souhaits de la famille et du disparu sont \u00e9vidents : elle sera toujours unique, elle permet l\u2019emploi d\u2019un cercueil et de b\u00e9n\u00e9ficier d\u2019un lieu entretenu et agr\u00e9able. Certes, les d\u00e9penses sont plus \u00e9lev\u00e9es que celles engag\u00e9es lors d\u2019une inhumation orthodoxe mais ne sont pas hors de port\u00e9e. Dans certains cimeti\u00e8res, les c\u00e9r\u00e9monies alternatives basiques sont propos\u00e9es \u00e0 titre gratuit \u00e0 ceux qui en ont le droit. Cependant, le co\u00fbt exact d\u00e9pend du choix du cimeti\u00e8re et des d\u00e9penses n\u00e9cessaires pour l\u2019organisation de la c\u00e9r\u00e9monie-m\u00eame.<br \/>\nMenuhat Olam a \u00e9t\u00e9 fond\u00e9 en 2014 dans le but de cr\u00e9er et d\u2019\u00eatre responsable de l\u2019exploitation d\u2019un cimeti\u00e8re civile \u00e0 Natanya. Menuhat Olam propose aux habitants de la ville et les villes voisines souhaitant proc\u00e9der organiser une c\u00e9r\u00e9monie d\u2019enterrement civile, juive mais selon des crit\u00e8res autres que les orthodoxes ou qui pour quelconques raison ne peuvent pas avoir acc\u00e8s aux cimeti\u00e8res juifs-orthodoxes, une r\u00e9ponse accessible et respectueuse.<\/p>\n<p style=\"text-align: left;\">A Natanya et ses villes voisines, dont Kadima-Zoran, Tel-Mond, Even Yehuda, Pardesia et Kfar-Yona, habitent plus de 25000 personnes ayant des origines diff\u00e9rentes, et des visions et convictions toutes aussi vari\u00e9es. Ainsi, un grand nombre de ressortissant de l\u2019ex-Union-Sovi\u00e9tique qui habitent ce territoire sont confront\u00e9s souvent \u00e0 des difficult\u00e9s d\u2019acc\u00e8s aux\u00a0 services d\u2019enterrement orthodoxe en raison de leur statut religieux, incertain aux yeux de l\u2019institution orthodoxe. Les familles se trouvent souvent contraintes de proc\u00e9der \u00e0 l\u2019inhumation ailleurs, dans des cimeti\u00e8res alternatifs situ\u00e9s dans d\u2019autres villes et \u00e9loign\u00e9s de leur centre de vie. Par ailleurs, depuis plusieurs ann\u00e9es un grand nombre d\u2019immigrants venant de la France et d\u2019autres pays europ\u00e9ens se sont install\u00e9 \u00e0 Natanya. Ceux-ci sont en demande de services fun\u00e9raires d\u2019une nature semblable \u00e0 celle propos\u00e9s \u00e0 leurs pays d\u2019origine.<\/p>\n<p style=\"text-align: left;\">Ces communaut\u00e9s ne sont pas seules\u00a0: un grand nombre de personnes dans la r\u00e9gion de Hasharon souhaitent ne pas suivre une c\u00e9r\u00e9monie orthodoxe habituelle, et expriment leur volont\u00e9 d\u2019\u00eatre enterr\u00e9 dans un cimeti\u00e8re alternatif o\u00f9 une inhumation qui correspond \u00e0 d\u2019autres visions que celle de la Halacha juive sont autoris\u00e9es.<\/p>\n<p><\/p>\n<p><\/p>","protected":false},"excerpt":{"rendered":"<p>Qu\u2019est-ce que une c\u00e9r\u00e9monie d\u2019enterrement\u00a0alternative La c\u00e9r\u00e9monie d\u2019inhumation civile est organis\u00e9e selon le souhait de la famille, ou, dans le cas o\u00f9 la personne d\u00e9c\u00e9d\u00e9e a exprim\u00e9 ses v\u0153ux, en accord avec ceux-ci. Il n\u2019y a aucune interdiction d\u2019inclure des \u00e9l\u00e9ments issus de rites religieux, ou m\u00eame, comme cela est demand\u00e9 de temps en temps, &hellip; <a href=\"https:\/\/menuhat-olam.org\/fr\/%d7%94%d7%9c%d7%99%d7%9a-%d7%94%d7%a7%d7%91%d7%95%d7%a8%d7%94\/\" class=\"more-link\">Continuer la lecture de <span class=\"screen-reader-text\">La c\u00e9r\u00e9monie<\/span> <span class=\"meta-nav\">&rarr;<\/span><\/a><\/p>\n","protected":false},"author":1,"featured_media":67,"parent":0,"menu_order":0,"comment_status":"open","ping_status":"open","template":"","meta":{"footnotes":""},"yoast_head":"<!-- This site is optimized with the Yoast SEO plugin v23.5 - https:\/\/yoast.com\/wordpress\/plugins\/seo\/ -->\n<title>\u05d4\u05dc\u05d9\u05da \u05d4\u05e7\u05d1\u05d5\u05e8\u05d4 | \u05de\u05e0\u05d5\u05d7\u05ea \u05e2\u05d5\u05dc\u05dd<\/title>\n<meta name=\"description\" content=\"\u05d8\u05e7\u05e1 \u05e7\u05d1\u05d5\u05e8\u05d4 \u05d0\u05d6\u05e8\u05d7\u05d9 \u05d5\u05d4\u05dc\u05d9\u05da \u05d4\u05e7\u05d1\u05d5\u05e8\u05d4 \u05d9\u05db\u05dc\u05d5\u05dc \u05d0\u05ea \u05db\u05dc \u05d0\u05e9\u05e8 \u05de\u05e9\u05e4\u05d7\u05ea \u05d4\u05e0\u05e4\u05d8\u05e8 \u05ea\u05d1\u05d7\u05e8 \u05dc\u05e0\u05db\u05d5\u05df. \u05dc\u05e2\u05ea\u05d9\u05dd \u05d9\u05d9\u05e2\u05e8\u05da \u05d4\u05d8\u05e7\u05e1 \u05e2\u05dc-\u05e4\u05d9 \u05d4\u05e0\u05d7\u05d9\u05d5\u05ea \u05e9\u05d4\u05d5\u05ea\u05d9\u05e8 \u05d0\u05d7\u05e8\u05d9\u05d5 \u05d4\u05e0\u05e4\u05d8\u05e8 \u05d5\u05d0\u05d9\u05df \u05de\u05e0\u05d9\u05e2\u05d4 \u05e9\u05d1\u05d8\u05e7\u05e1 \u05d9\u05db\u05dc\u05dc\u05d5 \u05d0\u05dc\u05de\u05e0\u05d8\u05d9\u05dd \u05d3\u05ea\u05d9\u05d9\u05dd.\" \/>\n<meta name=\"robots\" content=\"index, follow, max-snippet:-1, max-image-preview:large, max-video-preview:-1\" \/>\n<link rel=\"canonical\" href=\"https:\/\/menuhat-olam.org\/fr\/\u05d4\u05dc\u05d9\u05da-\u05d4\u05e7\u05d1\u05d5\u05e8\u05d4\/\" \/>\n<meta property=\"og:locale\" content=\"fr_FR\" \/>\n<meta property=\"og:type\" content=\"article\" \/>\n<meta property=\"og:title\" content=\"\u05d4\u05dc\u05d9\u05da \u05d4\u05e7\u05d1\u05d5\u05e8\u05d4 | \u05de\u05e0\u05d5\u05d7\u05ea \u05e2\u05d5\u05dc\u05dd\" \/>\n<meta property=\"og:description\" content=\"\u05d8\u05e7\u05e1 \u05e7\u05d1\u05d5\u05e8\u05d4 \u05d0\u05d6\u05e8\u05d7\u05d9 \u05d5\u05d4\u05dc\u05d9\u05da \u05d4\u05e7\u05d1\u05d5\u05e8\u05d4 \u05d9\u05db\u05dc\u05d5\u05dc \u05d0\u05ea \u05db\u05dc \u05d0\u05e9\u05e8 \u05de\u05e9\u05e4\u05d7\u05ea \u05d4\u05e0\u05e4\u05d8\u05e8 \u05ea\u05d1\u05d7\u05e8 \u05dc\u05e0\u05db\u05d5\u05df. \u05dc\u05e2\u05ea\u05d9\u05dd \u05d9\u05d9\u05e2\u05e8\u05da \u05d4\u05d8\u05e7\u05e1 \u05e2\u05dc-\u05e4\u05d9 \u05d4\u05e0\u05d7\u05d9\u05d5\u05ea \u05e9\u05d4\u05d5\u05ea\u05d9\u05e8 \u05d0\u05d7\u05e8\u05d9\u05d5 \u05d4\u05e0\u05e4\u05d8\u05e8 \u05d5\u05d0\u05d9\u05df \u05de\u05e0\u05d9\u05e2\u05d4 \u05e9\u05d1\u05d8\u05e7\u05e1 \u05d9\u05db\u05dc\u05dc\u05d5 \u05d0\u05dc\u05de\u05e0\u05d8\u05d9\u05dd \u05d3\u05ea\u05d9\u05d9\u05dd.\" \/>\n<meta property=\"og:url\" content=\"https:\/\/menuhat-olam.org\/fr\/\u05d4\u05dc\u05d9\u05da-\u05d4\u05e7\u05d1\u05d5\u05e8\u05d4\/\" \/>\n<meta property=\"og:site_name\" content=\"\u05de\u05e0\u05d5\u05d7\u05ea \u05e2\u05d5\u05dc\u05dd\" \/>\n<meta property=\"article:modified_time\" content=\"2017-10-10T17:33:57+00:00\" \/>\n<meta property=\"og:image\" content=\"https:\/\/menuhat-olam.org\/wp-content\/uploads\/2015\/02\/shutterstock_95113171-1024x666.jpg\" \/>\n\t<meta property=\"og:image:width\" content=\"1024\" \/>\n\t<meta property=\"og:image:height\" content=\"666\" \/>\n\t<meta property=\"og:image:type\" content=\"image\/jpeg\" \/>\n<meta name=\"twitter:card\" content=\"summary_large_image\" \/>\n<meta name=\"twitter:label1\" content=\"Dur\u00e9e de lecture estim\u00e9e\" \/>\n\t<meta name=\"twitter:data1\" content=\"6 minutes\" \/>\n<script type=\"application\/ld+json\" class=\"yoast-schema-graph\">{\"@context\":\"https:\/\/schema.org\",\"@graph\":[{\"@type\":\"WebPage\",\"@id\":\"https:\/\/menuhat-olam.org\/fr\/%d7%94%d7%9c%d7%99%d7%9a-%d7%94%d7%a7%d7%91%d7%95%d7%a8%d7%94\/\",\"url\":\"https:\/\/menuhat-olam.org\/fr\/%d7%94%d7%9c%d7%99%d7%9a-%d7%94%d7%a7%d7%91%d7%95%d7%a8%d7%94\/\",\"name\":\"\u05d4\u05dc\u05d9\u05da \u05d4\u05e7\u05d1\u05d5\u05e8\u05d4 | \u05de\u05e0\u05d5\u05d7\u05ea \u05e2\u05d5\u05dc\u05dd\",\"isPartOf\":{\"@id\":\"https:\/\/menuhat-olam.org\/fr\/#website\"},\"primaryImageOfPage\":{\"@id\":\"https:\/\/menuhat-olam.org\/fr\/%d7%94%d7%9c%d7%99%d7%9a-%d7%94%d7%a7%d7%91%d7%95%d7%a8%d7%94\/#primaryimage\"},\"image\":{\"@id\":\"https:\/\/menuhat-olam.org\/%d7%94%d7%9c%d7%99%d7%9a-%d7%94%d7%a7%d7%91%d7%95%d7%a8%d7%94\/#primaryimage\"},\"thumbnailUrl\":\"https:\/\/menuhat-olam.org\/wp-content\/uploads\/2015\/02\/shutterstock_95113171.jpg\",\"datePublished\":\"2015-01-08T19:51:47+00:00\",\"dateModified\":\"2017-10-10T17:33:57+00:00\",\"description\":\"\u05d8\u05e7\u05e1 \u05e7\u05d1\u05d5\u05e8\u05d4 \u05d0\u05d6\u05e8\u05d7\u05d9 \u05d5\u05d4\u05dc\u05d9\u05da \u05d4\u05e7\u05d1\u05d5\u05e8\u05d4 \u05d9\u05db\u05dc\u05d5\u05dc \u05d0\u05ea \u05db\u05dc \u05d0\u05e9\u05e8 \u05de\u05e9\u05e4\u05d7\u05ea \u05d4\u05e0\u05e4\u05d8\u05e8 \u05ea\u05d1\u05d7\u05e8 \u05dc\u05e0\u05db\u05d5\u05df. \u05dc\u05e2\u05ea\u05d9\u05dd \u05d9\u05d9\u05e2\u05e8\u05da \u05d4\u05d8\u05e7\u05e1 \u05e2\u05dc-\u05e4\u05d9 \u05d4\u05e0\u05d7\u05d9\u05d5\u05ea \u05e9\u05d4\u05d5\u05ea\u05d9\u05e8 \u05d0\u05d7\u05e8\u05d9\u05d5 \u05d4\u05e0\u05e4\u05d8\u05e8 \u05d5\u05d0\u05d9\u05df \u05de\u05e0\u05d9\u05e2\u05d4 \u05e9\u05d1\u05d8\u05e7\u05e1 \u05d9\u05db\u05dc\u05dc\u05d5 \u05d0\u05dc\u05de\u05e0\u05d8\u05d9\u05dd \u05d3\u05ea\u05d9\u05d9\u05dd.\",\"breadcrumb\":{\"@id\":\"https:\/\/menuhat-olam.org\/fr\/%d7%94%d7%9c%d7%99%d7%9a-%d7%94%d7%a7%d7%91%d7%95%d7%a8%d7%94\/#breadcrumb\"},\"inLanguage\":\"fr-FR\",\"potentialAction\":[{\"@type\":\"ReadAction\",\"target\":[[\"https:\/\/menuhat-olam.org\/fr\/%d7%94%d7%9c%d7%99%d7%9a-%d7%94%d7%a7%d7%91%d7%95%d7%a8%d7%94\/\"]]}]},{\"@type\":\"ImageObject\",\"inLanguage\":\"fr-FR\",\"@id\":\"https:\/\/menuhat-olam.org\/fr\/%d7%94%d7%9c%d7%99%d7%9a-%d7%94%d7%a7%d7%91%d7%95%d7%a8%d7%94\/#primaryimage\",\"url\":\"https:\/\/menuhat-olam.org\/wp-content\/uploads\/2015\/02\/shutterstock_95113171.jpg\",\"contentUrl\":\"https:\/\/menuhat-olam.org\/wp-content\/uploads\/2015\/02\/shutterstock_95113171.jpg\",\"width\":3075,\"height\":2000},{\"@type\":\"BreadcrumbList\",\"@id\":\"https:\/\/menuhat-olam.org\/fr\/%d7%94%d7%9c%d7%99%d7%9a-%d7%94%d7%a7%d7%91%d7%95%d7%a8%d7%94\/#breadcrumb\",\"itemListElement\":[{\"@type\":\"ListItem\",\"position\":1,\"name\":\"Home\",\"item\":\"https:\/\/menuhat-olam.org\/fr\/\"},{\"@type\":\"ListItem\",\"position\":2,\"name\":\"La c\u00e9r\u00e9monie\"}]},{\"@type\":\"WebSite\",\"@id\":\"https:\/\/menuhat-olam.org\/fr\/#website\",\"url\":\"https:\/\/menuhat-olam.org\/fr\/\",\"name\":\"\u05de\u05e0\u05d5\u05d7\u05ea \u05e2\u05d5\u05dc\u05dd\",\"description\":\"\u05d1\u05d9\u05ea \u05d4\u05e2\u05dc\u05de\u05d9\u05df \u05d4\u05d0\u05dc\u05d8\u05e8\u05e0\u05d8\u05d9\u05d1\u05d9 \u05d1\u05e0\u05ea\u05e0\u05d9\u05d4\",\"potentialAction\":[{\"@type\":\"SearchAction\",\"target\":{\"@type\":\"EntryPoint\",\"urlTemplate\":\"https:\/\/menuhat-olam.org\/fr\/?s={search_term_string}\"},\"query-input\":{\"@type\":\"PropertyValueSpecification\",\"valueRequired\":true,\"valueName\":\"search_term_string\"}}],\"inLanguage\":\"fr-FR\"}]}<\/script>\n<!-- \/ Yoast SEO plugin. -->","yoast_head_json":{"title":"\u05d4\u05dc\u05d9\u05da \u05d4\u05e7\u05d1\u05d5\u05e8\u05d4 | \u05de\u05e0\u05d5\u05d7\u05ea \u05e2\u05d5\u05dc\u05dd","description":"\u05d8\u05e7\u05e1 \u05e7\u05d1\u05d5\u05e8\u05d4 \u05d0\u05d6\u05e8\u05d7\u05d9 \u05d5\u05d4\u05dc\u05d9\u05da \u05d4\u05e7\u05d1\u05d5\u05e8\u05d4 \u05d9\u05db\u05dc\u05d5\u05dc \u05d0\u05ea \u05db\u05dc \u05d0\u05e9\u05e8 \u05de\u05e9\u05e4\u05d7\u05ea \u05d4\u05e0\u05e4\u05d8\u05e8 \u05ea\u05d1\u05d7\u05e8 \u05dc\u05e0\u05db\u05d5\u05df. \u05dc\u05e2\u05ea\u05d9\u05dd \u05d9\u05d9\u05e2\u05e8\u05da \u05d4\u05d8\u05e7\u05e1 \u05e2\u05dc-\u05e4\u05d9 \u05d4\u05e0\u05d7\u05d9\u05d5\u05ea \u05e9\u05d4\u05d5\u05ea\u05d9\u05e8 \u05d0\u05d7\u05e8\u05d9\u05d5 \u05d4\u05e0\u05e4\u05d8\u05e8 \u05d5\u05d0\u05d9\u05df \u05de\u05e0\u05d9\u05e2\u05d4 \u05e9\u05d1\u05d8\u05e7\u05e1 \u05d9\u05db\u05dc\u05dc\u05d5 \u05d0\u05dc\u05de\u05e0\u05d8\u05d9\u05dd \u05d3\u05ea\u05d9\u05d9\u05dd.","robots":{"index":"index","follow":"follow","max-snippet":"max-snippet:-1","max-image-preview":"max-image-preview:large","max-video-preview":"max-video-preview:-1"},"canonical":"https:\/\/menuhat-olam.org\/fr\/\u05d4\u05dc\u05d9\u05da-\u05d4\u05e7\u05d1\u05d5\u05e8\u05d4\/","og_locale":"fr_FR","og_type":"article","og_title":"\u05d4\u05dc\u05d9\u05da \u05d4\u05e7\u05d1\u05d5\u05e8\u05d4 | \u05de\u05e0\u05d5\u05d7\u05ea \u05e2\u05d5\u05dc\u05dd","og_description":"\u05d8\u05e7\u05e1 \u05e7\u05d1\u05d5\u05e8\u05d4 \u05d0\u05d6\u05e8\u05d7\u05d9 \u05d5\u05d4\u05dc\u05d9\u05da \u05d4\u05e7\u05d1\u05d5\u05e8\u05d4 \u05d9\u05db\u05dc\u05d5\u05dc \u05d0\u05ea \u05db\u05dc \u05d0\u05e9\u05e8 \u05de\u05e9\u05e4\u05d7\u05ea \u05d4\u05e0\u05e4\u05d8\u05e8 \u05ea\u05d1\u05d7\u05e8 \u05dc\u05e0\u05db\u05d5\u05df. \u05dc\u05e2\u05ea\u05d9\u05dd \u05d9\u05d9\u05e2\u05e8\u05da \u05d4\u05d8\u05e7\u05e1 \u05e2\u05dc-\u05e4\u05d9 \u05d4\u05e0\u05d7\u05d9\u05d5\u05ea \u05e9\u05d4\u05d5\u05ea\u05d9\u05e8 \u05d0\u05d7\u05e8\u05d9\u05d5 \u05d4\u05e0\u05e4\u05d8\u05e8 \u05d5\u05d0\u05d9\u05df \u05de\u05e0\u05d9\u05e2\u05d4 \u05e9\u05d1\u05d8\u05e7\u05e1 \u05d9\u05db\u05dc\u05dc\u05d5 \u05d0\u05dc\u05de\u05e0\u05d8\u05d9\u05dd \u05d3\u05ea\u05d9\u05d9\u05dd.","og_url":"https:\/\/menuhat-olam.org\/fr\/\u05d4\u05dc\u05d9\u05da-\u05d4\u05e7\u05d1\u05d5\u05e8\u05d4\/","og_site_name":"\u05de\u05e0\u05d5\u05d7\u05ea \u05e2\u05d5\u05dc\u05dd","article_modified_time":"2017-10-10T17:33:57+00:00","og_image":[{"width":1024,"height":666,"url":"https:\/\/menuhat-olam.org\/wp-content\/uploads\/2015\/02\/shutterstock_95113171-1024x666.jpg","type":"image\/jpeg"}],"twitter_card":"summary_large_image","twitter_misc":{"Dur\u00e9e de lecture estim\u00e9e":"6 minutes"},"schema":{"@context":"https:\/\/schema.org","@graph":[{"@type":"WebPage","@id":"https:\/\/menuhat-olam.org\/fr\/%d7%94%d7%9c%d7%99%d7%9a-%d7%94%d7%a7%d7%91%d7%95%d7%a8%d7%94\/","url":"https:\/\/menuhat-olam.org\/fr\/%d7%94%d7%9c%d7%99%d7%9a-%d7%94%d7%a7%d7%91%d7%95%d7%a8%d7%94\/","name":"\u05d4\u05dc\u05d9\u05da \u05d4\u05e7\u05d1\u05d5\u05e8\u05d4 | \u05de\u05e0\u05d5\u05d7\u05ea \u05e2\u05d5\u05dc\u05dd","isPartOf":{"@id":"https:\/\/menuhat-olam.org\/fr\/#website"},"primaryImageOfPage":{"@id":"https:\/\/menuhat-olam.org\/fr\/%d7%94%d7%9c%d7%99%d7%9a-%d7%94%d7%a7%d7%91%d7%95%d7%a8%d7%94\/#primaryimage"},"image":{"@id":"https:\/\/menuhat-olam.org\/%d7%94%d7%9c%d7%99%d7%9a-%d7%94%d7%a7%d7%91%d7%95%d7%a8%d7%94\/#primaryimage"},"thumbnailUrl":"https:\/\/menuhat-olam.org\/wp-content\/uploads\/2015\/02\/shutterstock_95113171.jpg","datePublished":"2015-01-08T19:51:47+00:00","dateModified":"2017-10-10T17:33:57+00:00","description":"\u05d8\u05e7\u05e1 \u05e7\u05d1\u05d5\u05e8\u05d4 \u05d0\u05d6\u05e8\u05d7\u05d9 \u05d5\u05d4\u05dc\u05d9\u05da \u05d4\u05e7\u05d1\u05d5\u05e8\u05d4 \u05d9\u05db\u05dc\u05d5\u05dc \u05d0\u05ea \u05db\u05dc \u05d0\u05e9\u05e8 \u05de\u05e9\u05e4\u05d7\u05ea \u05d4\u05e0\u05e4\u05d8\u05e8 \u05ea\u05d1\u05d7\u05e8 \u05dc\u05e0\u05db\u05d5\u05df. \u05dc\u05e2\u05ea\u05d9\u05dd \u05d9\u05d9\u05e2\u05e8\u05da \u05d4\u05d8\u05e7\u05e1 \u05e2\u05dc-\u05e4\u05d9 \u05d4\u05e0\u05d7\u05d9\u05d5\u05ea \u05e9\u05d4\u05d5\u05ea\u05d9\u05e8 \u05d0\u05d7\u05e8\u05d9\u05d5 \u05d4\u05e0\u05e4\u05d8\u05e8 \u05d5\u05d0\u05d9\u05df \u05de\u05e0\u05d9\u05e2\u05d4 \u05e9\u05d1\u05d8\u05e7\u05e1 \u05d9\u05db\u05dc\u05dc\u05d5 \u05d0\u05dc\u05de\u05e0\u05d8\u05d9\u05dd \u05d3\u05ea\u05d9\u05d9\u05dd.","breadcrumb":{"@id":"https:\/\/menuhat-olam.org\/fr\/%d7%94%d7%9c%d7%99%d7%9a-%d7%94%d7%a7%d7%91%d7%95%d7%a8%d7%94\/#breadcrumb"},"inLanguage":"fr-FR","potentialAction":[{"@type":"ReadAction","target":[["https:\/\/menuhat-olam.org\/fr\/%d7%94%d7%9c%d7%99%d7%9a-%d7%94%d7%a7%d7%91%d7%95%d7%a8%d7%94\/"]]}]},{"@type":"ImageObject","inLanguage":"fr-FR","@id":"https:\/\/menuhat-olam.org\/fr\/%d7%94%d7%9c%d7%99%d7%9a-%d7%94%d7%a7%d7%91%d7%95%d7%a8%d7%94\/#primaryimage","url":"https:\/\/menuhat-olam.org\/wp-content\/uploads\/2015\/02\/shutterstock_95113171.jpg","contentUrl":"https:\/\/menuhat-olam.org\/wp-content\/uploads\/2015\/02\/shutterstock_95113171.jpg","width":3075,"height":2000},{"@type":"BreadcrumbList","@id":"https:\/\/menuhat-olam.org\/fr\/%d7%94%d7%9c%d7%99%d7%9a-%d7%94%d7%a7%d7%91%d7%95%d7%a8%d7%94\/#breadcrumb","itemListElement":[{"@type":"ListItem","position":1,"name":"Home","item":"https:\/\/menuhat-olam.org\/fr\/"},{"@type":"ListItem","position":2,"name":"La c\u00e9r\u00e9monie"}]},{"@type":"WebSite","@id":"https:\/\/menuhat-olam.org\/fr\/#website","url":"https:\/\/menuhat-olam.org\/fr\/","name":"\u05de\u05e0\u05d5\u05d7\u05ea \u05e2\u05d5\u05dc\u05dd","description":"\u05d1\u05d9\u05ea \u05d4\u05e2\u05dc\u05de\u05d9\u05df \u05d4\u05d0\u05dc\u05d8\u05e8\u05e0\u05d8\u05d9\u05d1\u05d9 \u05d1\u05e0\u05ea\u05e0\u05d9\u05d4","potentialAction":[{"@type":"SearchAction","target":{"@type":"EntryPoint","urlTemplate":"https:\/\/menuhat-olam.org\/fr\/?s={search_term_string}"},"query-input":{"@type":"PropertyValueSpecification","valueRequired":true,"valueName":"search_term_string"}}],"inLanguage":"fr-FR"}]}},"_links":{"self":[{"href":"https:\/\/menuhat-olam.org\/fr\/wp-json\/wp\/v2\/pages\/8"}],"collection":[{"href":"https:\/\/menuhat-olam.org\/fr\/wp-json\/wp\/v2\/pages"}],"about":[{"href":"https:\/\/menuhat-olam.org\/fr\/wp-json\/wp\/v2\/types\/page"}],"author":[{"embeddable":true,"href":"https:\/\/menuhat-olam.org\/fr\/wp-json\/wp\/v2\/users\/1"}],"replies":[{"embeddable":true,"href":"https:\/\/menuhat-olam.org\/fr\/wp-json\/wp\/v2\/comments?post=8"}],"version-history":[{"count":42,"href":"https:\/\/menuhat-olam.org\/fr\/wp-json\/wp\/v2\/pages\/8\/revisions"}],"predecessor-version":[{"id":475,"href":"https:\/\/menuhat-olam.org\/fr\/wp-json\/wp\/v2\/pages\/8\/revisions\/475"}],"wp:featuredmedia":[{"embeddable":true,"href":"https:\/\/menuhat-olam.org\/fr\/wp-json\/wp\/v2\/media\/67"}],"wp:attachment":[{"href":"https:\/\/menuhat-olam.org\/fr\/wp-json\/wp\/v2\/media?parent=8"}],"curies":[{"name":"wp","href":"https:\/\/api.w.org\/{rel}","templated":true}]}}