{"id":91,"date":"2015-02-19T16:19:10","date_gmt":"2015-02-19T14:19:10","guid":{"rendered":"http:\/\/dicemarketing.co.il\/menuhat\/?page_id=91"},"modified":"2019-12-09T12:07:32","modified_gmt":"2019-12-09T10:07:32","slug":"%d7%a7%d7%91%d7%95%d7%a8%d7%94-%d7%9c%d7%a9%d7%90%d7%99%d7%a0%d7%9d-%d7%99%d7%94%d7%95%d7%93%d7%99%d7%9d","status":"publish","type":"page","link":"https:\/\/menuhat-olam.org\/fr\/%d7%9e%d7%99%d7%93%d7%a2-%d7%9c%d7%9e%d7%a9%d7%a4%d7%97%d7%95%d7%aa\/%d7%a7%d7%91%d7%95%d7%a8%d7%94-%d7%9c%d7%a9%d7%90%d7%99%d7%a0%d7%9d-%d7%99%d7%94%d7%95%d7%93%d7%99%d7%9d\/","title":{"rendered":"Enterr\u00e9 \u00e0 des non-juifs"},"content":{"rendered":"<p><\/p>\n<p style=\"text-align: left;\">Menuhat Olam a \u00e9t\u00e9 fond\u00e9 en 2014 dans le but de cr\u00e9er et d\u2019\u00eatre responsable de l\u2019exploitation d\u2019un cimeti\u00e8re civile \u00e0 Natanya. Menuhat Olam propose aux habitants de la ville et les villes voisines souhaitant proc\u00e9der organiser une c\u00e9r\u00e9monie d\u2019enterrement civile, juive mais selon des crit\u00e8res autres que les orthodoxes ou qui pour quelconques raison ne peuvent pas avoir acc\u00e8s aux cimeti\u00e8res juifs-orthodoxes, une r\u00e9ponse accessible et respectueuse.<\/p>\n<p><\/p>\n<p><\/p>","protected":false},"excerpt":{"rendered":"<p>Menuhat Olam a \u00e9t\u00e9 fond\u00e9 en 2014 dans le but de cr\u00e9er et d\u2019\u00eatre responsable de l\u2019exploitation d\u2019un cimeti\u00e8re civile \u00e0 Natanya. Menuhat Olam propose aux habitants de la ville et les villes voisines souhaitant proc\u00e9der organiser une c\u00e9r\u00e9monie d\u2019enterrement civile, juive mais selon des crit\u00e8res autres que les orthodoxes ou qui pour quelconques raison &hellip; <a href=\"https:\/\/menuhat-olam.org\/fr\/%d7%9e%d7%99%d7%93%d7%a2-%d7%9c%d7%9e%d7%a9%d7%a4%d7%97%d7%95%d7%aa\/%d7%a7%d7%91%d7%95%d7%a8%d7%94-%d7%9c%d7%a9%d7%90%d7%99%d7%a0%d7%9d-%d7%99%d7%94%d7%95%d7%93%d7%99%d7%9d\/\" class=\"more-link\">Continuer la lecture de <span class=\"screen-reader-text\">Enterr\u00e9 \u00e0 des non-juifs<\/span> <span class=\"meta-nav\">&rarr;<\/span><\/a><\/p>\n","protected":false},"author":1,"featured_media":0,"parent":14,"menu_order":8,"comment_status":"open","ping_status":"closed","template":"","meta":{"footnotes":""},"yoast_head":"<!-- This site is optimized with the Yoast SEO plugin v23.5 - https:\/\/yoast.com\/wordpress\/plugins\/seo\/ -->\n<title>Enterr\u00e9 \u00e0 des non-juifs - \u05de\u05e0\u05d5\u05d7\u05ea \u05e2\u05d5\u05dc\u05dd<\/title>\n<meta name=\"robots\" content=\"index, follow, max-snippet:-1, max-image-preview:large, max-video-preview:-1\" \/>\n<link rel=\"canonical\" href=\"https:\/\/menuhat-olam.org\/fr\/\u05de\u05d9\u05d3\u05e2-\u05dc\u05de\u05e9\u05e4\u05d7\u05d5\u05ea\/\u05e7\u05d1\u05d5\u05e8\u05d4-\u05dc\u05e9\u05d0\u05d9\u05e0\u05dd-\u05d9\u05d4\u05d5\u05d3\u05d9\u05dd\/\" \/>\n<meta property=\"og:locale\" content=\"fr_FR\" \/>\n<meta property=\"og:type\" content=\"article\" \/>\n<meta property=\"og:title\" content=\"Enterr\u00e9 \u00e0 des non-juifs - \u05de\u05e0\u05d5\u05d7\u05ea \u05e2\u05d5\u05dc\u05dd\" \/>\n<meta property=\"og:description\" content=\"Menuhat Olam a \u00e9t\u00e9 fond\u00e9 en 2014 dans le but de cr\u00e9er et d\u2019\u00eatre responsable de l\u2019exploitation d\u2019un cimeti\u00e8re civile \u00e0 Natanya. Menuhat Olam propose aux habitants de la ville et les villes voisines souhaitant proc\u00e9der organiser une c\u00e9r\u00e9monie d\u2019enterrement civile, juive mais selon des crit\u00e8res autres que les orthodoxes ou qui pour quelconques raison &hellip; Continuer la lecture de Enterr\u00e9 \u00e0 des non-juifs &rarr;\" \/>\n<meta property=\"og:url\" content=\"https:\/\/menuhat-olam.org\/fr\/\u05de\u05d9\u05d3\u05e2-\u05dc\u05de\u05e9\u05e4\u05d7\u05d5\u05ea\/\u05e7\u05d1\u05d5\u05e8\u05d4-\u05dc\u05e9\u05d0\u05d9\u05e0\u05dd-\u05d9\u05d4\u05d5\u05d3\u05d9\u05dd\/\" \/>\n<meta property=\"og:site_name\" content=\"\u05de\u05e0\u05d5\u05d7\u05ea \u05e2\u05d5\u05dc\u05dd\" \/>\n<meta property=\"article:modified_time\" content=\"2019-12-09T10:07:32+00:00\" \/>\n<meta name=\"twitter:card\" content=\"summary_large_image\" \/>\n<meta name=\"twitter:label1\" content=\"Dur\u00e9e de lecture estim\u00e9e\" \/>\n\t<meta name=\"twitter:data1\" content=\"1 minute\" \/>\n<script type=\"application\/ld+json\" class=\"yoast-schema-graph\">{\"@context\":\"https:\/\/schema.org\",\"@graph\":[{\"@type\":\"WebPage\",\"@id\":\"https:\/\/menuhat-olam.org\/fr\/%d7%9e%d7%99%d7%93%d7%a2-%d7%9c%d7%9e%d7%a9%d7%a4%d7%97%d7%95%d7%aa\/%d7%a7%d7%91%d7%95%d7%a8%d7%94-%d7%9c%d7%a9%d7%90%d7%99%d7%a0%d7%9d-%d7%99%d7%94%d7%95%d7%93%d7%99%d7%9d\/\",\"url\":\"https:\/\/menuhat-olam.org\/fr\/%d7%9e%d7%99%d7%93%d7%a2-%d7%9c%d7%9e%d7%a9%d7%a4%d7%97%d7%95%d7%aa\/%d7%a7%d7%91%d7%95%d7%a8%d7%94-%d7%9c%d7%a9%d7%90%d7%99%d7%a0%d7%9d-%d7%99%d7%94%d7%95%d7%93%d7%99%d7%9d\/\",\"name\":\"Enterr\u00e9 \u00e0 des non-juifs - \u05de\u05e0\u05d5\u05d7\u05ea \u05e2\u05d5\u05dc\u05dd\",\"isPartOf\":{\"@id\":\"https:\/\/menuhat-olam.org\/fr\/#website\"},\"datePublished\":\"2015-02-19T14:19:10+00:00\",\"dateModified\":\"2019-12-09T10:07:32+00:00\",\"breadcrumb\":{\"@id\":\"https:\/\/menuhat-olam.org\/fr\/%d7%9e%d7%99%d7%93%d7%a2-%d7%9c%d7%9e%d7%a9%d7%a4%d7%97%d7%95%d7%aa\/%d7%a7%d7%91%d7%95%d7%a8%d7%94-%d7%9c%d7%a9%d7%90%d7%99%d7%a0%d7%9d-%d7%99%d7%94%d7%95%d7%93%d7%99%d7%9d\/#breadcrumb\"},\"inLanguage\":\"fr-FR\",\"potentialAction\":[{\"@type\":\"ReadAction\",\"target\":[[\"https:\/\/menuhat-olam.org\/fr\/%d7%9e%d7%99%d7%93%d7%a2-%d7%9c%d7%9e%d7%a9%d7%a4%d7%97%d7%95%d7%aa\/%d7%a7%d7%91%d7%95%d7%a8%d7%94-%d7%9c%d7%a9%d7%90%d7%99%d7%a0%d7%9d-%d7%99%d7%94%d7%95%d7%93%d7%99%d7%9d\/\"]]}]},{\"@type\":\"BreadcrumbList\",\"@id\":\"https:\/\/menuhat-olam.org\/fr\/%d7%9e%d7%99%d7%93%d7%a2-%d7%9c%d7%9e%d7%a9%d7%a4%d7%97%d7%95%d7%aa\/%d7%a7%d7%91%d7%95%d7%a8%d7%94-%d7%9c%d7%a9%d7%90%d7%99%d7%a0%d7%9d-%d7%99%d7%94%d7%95%d7%93%d7%99%d7%9d\/#breadcrumb\",\"itemListElement\":[{\"@type\":\"ListItem\",\"position\":1,\"name\":\"Home\",\"item\":\"https:\/\/menuhat-olam.org\/fr\/\"},{\"@type\":\"ListItem\",\"position\":2,\"name\":\"Aux Familles\",\"item\":\"https:\/\/menuhat-olam.org\/fr\/%d7%9e%d7%99%d7%93%d7%a2-%d7%9c%d7%9e%d7%a9%d7%a4%d7%97%d7%95%d7%aa\/\"},{\"@type\":\"ListItem\",\"position\":3,\"name\":\"Enterr\u00e9 \u00e0 des non-juifs\"}]},{\"@type\":\"WebSite\",\"@id\":\"https:\/\/menuhat-olam.org\/fr\/#website\",\"url\":\"https:\/\/menuhat-olam.org\/fr\/\",\"name\":\"\u05de\u05e0\u05d5\u05d7\u05ea \u05e2\u05d5\u05dc\u05dd\",\"description\":\"\u05d1\u05d9\u05ea \u05d4\u05e2\u05dc\u05de\u05d9\u05df \u05d4\u05d0\u05dc\u05d8\u05e8\u05e0\u05d8\u05d9\u05d1\u05d9 \u05d1\u05e0\u05ea\u05e0\u05d9\u05d4\",\"potentialAction\":[{\"@type\":\"SearchAction\",\"target\":{\"@type\":\"EntryPoint\",\"urlTemplate\":\"https:\/\/menuhat-olam.org\/fr\/?s={search_term_string}\"},\"query-input\":{\"@type\":\"PropertyValueSpecification\",\"valueRequired\":true,\"valueName\":\"search_term_string\"}}],\"inLanguage\":\"fr-FR\"}]}<\/script>\n<!-- \/ Yoast SEO plugin. -->","yoast_head_json":{"title":"Enterr\u00e9 \u00e0 des non-juifs - \u05de\u05e0\u05d5\u05d7\u05ea \u05e2\u05d5\u05dc\u05dd","robots":{"index":"index","follow":"follow","max-snippet":"max-snippet:-1","max-image-preview":"max-image-preview:large","max-video-preview":"max-video-preview:-1"},"canonical":"https:\/\/menuhat-olam.org\/fr\/\u05de\u05d9\u05d3\u05e2-\u05dc\u05de\u05e9\u05e4\u05d7\u05d5\u05ea\/\u05e7\u05d1\u05d5\u05e8\u05d4-\u05dc\u05e9\u05d0\u05d9\u05e0\u05dd-\u05d9\u05d4\u05d5\u05d3\u05d9\u05dd\/","og_locale":"fr_FR","og_type":"article","og_title":"Enterr\u00e9 \u00e0 des non-juifs - \u05de\u05e0\u05d5\u05d7\u05ea \u05e2\u05d5\u05dc\u05dd","og_description":"Menuhat Olam a \u00e9t\u00e9 fond\u00e9 en 2014 dans le but de cr\u00e9er et d\u2019\u00eatre responsable de l\u2019exploitation d\u2019un cimeti\u00e8re civile \u00e0 Natanya. Menuhat Olam propose aux habitants de la ville et les villes voisines souhaitant proc\u00e9der organiser une c\u00e9r\u00e9monie d\u2019enterrement civile, juive mais selon des crit\u00e8res autres que les orthodoxes ou qui pour quelconques raison &hellip; Continuer la lecture de Enterr\u00e9 \u00e0 des non-juifs &rarr;","og_url":"https:\/\/menuhat-olam.org\/fr\/\u05de\u05d9\u05d3\u05e2-\u05dc\u05de\u05e9\u05e4\u05d7\u05d5\u05ea\/\u05e7\u05d1\u05d5\u05e8\u05d4-\u05dc\u05e9\u05d0\u05d9\u05e0\u05dd-\u05d9\u05d4\u05d5\u05d3\u05d9\u05dd\/","og_site_name":"\u05de\u05e0\u05d5\u05d7\u05ea \u05e2\u05d5\u05dc\u05dd","article_modified_time":"2019-12-09T10:07:32+00:00","twitter_card":"summary_large_image","twitter_misc":{"Dur\u00e9e de lecture estim\u00e9e":"1 minute"},"schema":{"@context":"https:\/\/schema.org","@graph":[{"@type":"WebPage","@id":"https:\/\/menuhat-olam.org\/fr\/%d7%9e%d7%99%d7%93%d7%a2-%d7%9c%d7%9e%d7%a9%d7%a4%d7%97%d7%95%d7%aa\/%d7%a7%d7%91%d7%95%d7%a8%d7%94-%d7%9c%d7%a9%d7%90%d7%99%d7%a0%d7%9d-%d7%99%d7%94%d7%95%d7%93%d7%99%d7%9d\/","url":"https:\/\/menuhat-olam.org\/fr\/%d7%9e%d7%99%d7%93%d7%a2-%d7%9c%d7%9e%d7%a9%d7%a4%d7%97%d7%95%d7%aa\/%d7%a7%d7%91%d7%95%d7%a8%d7%94-%d7%9c%d7%a9%d7%90%d7%99%d7%a0%d7%9d-%d7%99%d7%94%d7%95%d7%93%d7%99%d7%9d\/","name":"Enterr\u00e9 \u00e0 des non-juifs - \u05de\u05e0\u05d5\u05d7\u05ea \u05e2\u05d5\u05dc\u05dd","isPartOf":{"@id":"https:\/\/menuhat-olam.org\/fr\/#website"},"datePublished":"2015-02-19T14:19:10+00:00","dateModified":"2019-12-09T10:07:32+00:00","breadcrumb":{"@id":"https:\/\/menuhat-olam.org\/fr\/%d7%9e%d7%99%d7%93%d7%a2-%d7%9c%d7%9e%d7%a9%d7%a4%d7%97%d7%95%d7%aa\/%d7%a7%d7%91%d7%95%d7%a8%d7%94-%d7%9c%d7%a9%d7%90%d7%99%d7%a0%d7%9d-%d7%99%d7%94%d7%95%d7%93%d7%99%d7%9d\/#breadcrumb"},"inLanguage":"fr-FR","potentialAction":[{"@type":"ReadAction","target":[["https:\/\/menuhat-olam.org\/fr\/%d7%9e%d7%99%d7%93%d7%a2-%d7%9c%d7%9e%d7%a9%d7%a4%d7%97%d7%95%d7%aa\/%d7%a7%d7%91%d7%95%d7%a8%d7%94-%d7%9c%d7%a9%d7%90%d7%99%d7%a0%d7%9d-%d7%99%d7%94%d7%95%d7%93%d7%99%d7%9d\/"]]}]},{"@type":"BreadcrumbList","@id":"https:\/\/menuhat-olam.org\/fr\/%d7%9e%d7%99%d7%93%d7%a2-%d7%9c%d7%9e%d7%a9%d7%a4%d7%97%d7%95%d7%aa\/%d7%a7%d7%91%d7%95%d7%a8%d7%94-%d7%9c%d7%a9%d7%90%d7%99%d7%a0%d7%9d-%d7%99%d7%94%d7%95%d7%93%d7%99%d7%9d\/#breadcrumb","itemListElement":[{"@type":"ListItem","position":1,"name":"Home","item":"https:\/\/menuhat-olam.org\/fr\/"},{"@type":"ListItem","position":2,"name":"Aux Familles","item":"https:\/\/menuhat-olam.org\/fr\/%d7%9e%d7%99%d7%93%d7%a2-%d7%9c%d7%9e%d7%a9%d7%a4%d7%97%d7%95%d7%aa\/"},{"@type":"ListItem","position":3,"name":"Enterr\u00e9 \u00e0 des non-juifs"}]},{"@type":"WebSite","@id":"https:\/\/menuhat-olam.org\/fr\/#website","url":"https:\/\/menuhat-olam.org\/fr\/","name":"\u05de\u05e0\u05d5\u05d7\u05ea \u05e2\u05d5\u05dc\u05dd","description":"\u05d1\u05d9\u05ea \u05d4\u05e2\u05dc\u05de\u05d9\u05df \u05d4\u05d0\u05dc\u05d8\u05e8\u05e0\u05d8\u05d9\u05d1\u05d9 \u05d1\u05e0\u05ea\u05e0\u05d9\u05d4","potentialAction":[{"@type":"SearchAction","target":{"@type":"EntryPoint","urlTemplate":"https:\/\/menuhat-olam.org\/fr\/?s={search_term_string}"},"query-input":{"@type":"PropertyValueSpecification","valueRequired":true,"valueName":"search_term_string"}}],"inLanguage":"fr-FR"}]}},"_links":{"self":[{"href":"https:\/\/menuhat-olam.org\/fr\/wp-json\/wp\/v2\/pages\/91"}],"collection":[{"href":"https:\/\/menuhat-olam.org\/fr\/wp-json\/wp\/v2\/pages"}],"about":[{"href":"https:\/\/menuhat-olam.org\/fr\/wp-json\/wp\/v2\/types\/page"}],"author":[{"embeddable":true,"href":"https:\/\/menuhat-olam.org\/fr\/wp-json\/wp\/v2\/users\/1"}],"replies":[{"embeddable":true,"href":"https:\/\/menuhat-olam.org\/fr\/wp-json\/wp\/v2\/comments?post=91"}],"version-history":[{"count":8,"href":"https:\/\/menuhat-olam.org\/fr\/wp-json\/wp\/v2\/pages\/91\/revisions"}],"predecessor-version":[{"id":503,"href":"https:\/\/menuhat-olam.org\/fr\/wp-json\/wp\/v2\/pages\/91\/revisions\/503"}],"up":[{"embeddable":true,"href":"https:\/\/menuhat-olam.org\/fr\/wp-json\/wp\/v2\/pages\/14"}],"wp:attachment":[{"href":"https:\/\/menuhat-olam.org\/fr\/wp-json\/wp\/v2\/media?parent=91"}],"curies":[{"name":"wp","href":"https:\/\/api.w.org\/{rel}","templated":true}]}}